{"id":1620,"date":"2022-12-18T19:51:43","date_gmt":"2022-12-18T19:51:43","guid":{"rendered":"https:\/\/schwitzke.com\/?page_id=1620"},"modified":"2023-02-24T16:23:26","modified_gmt":"2023-02-24T16:23:26","slug":"imprint","status":"publish","type":"page","link":"https:\/\/schwitzke.com\/en\/imprint\/","title":{"rendered":"Imprint"},"content":{"rendered":"\n<p>Schwitzke GmbH<br>business partnership<br>Tu\u00dfmannstra\u00dfe 70<br>40477 D\u00fcsseldorf<br>&nbsp;<br>Phone: +49 211 44035-0<br>Fax: +49 211 480222<br>Email:&nbsp;<a href=\"mailto:info@schwitzke.com\">info@schwitzke.com<\/a><br><a href=\"https:\/\/schwitzke.com\/index.php?id=53\">www.schwitzke.com<\/a><br>&nbsp;<br>Managing directors:<br>Karl Schwitzke<br>Klaus Schwitzke<br>&nbsp;<br>Commercial register: HRB D\u00fcsseldorf 54222<br>Sales tax identification number: DE 249529850<br>&nbsp;<br>Registered professional titles:<br>Karl Schwitzke: certified designer (Degree in Applied Sciences)<br>Klaus Schwitzke: certified designer (Degree in Applied Sciences)<br>&nbsp;<br>The Federal Republic of Germany awarded the professional titles and the managing directors are members of the Architects Chamber of North Rhine Westphalia.<br>&nbsp;<br>The relevant supervisory authority is the Architects Chamber of NRW, Zollhof 1, 40221 D\u00fcsseldorf,&nbsp;<a href=\"http:\/\/www.aknw.de\/\">www.aknw.de<\/a>.<br>&nbsp;<br>The relevant professional regulations are the building code law (Baukammergesetz) of NRW, its implementation regulations as well as the statutes of the Architects Chamber of NRW. Professional regulations can be accessed on the internet site of the Architects Chamber NRW under the category \u201cMitglieder\/Rechte und Gesetze\/Gesetze und Verordnungen\u201d.<br>&nbsp;<br>The content and the design of our internet pages are protected by copyright. The publication, adoption or use of the website\u2019s texts, images or other data require the express and written consent of Schwitzke GmbH.<br>&nbsp;<br>Despite careful control of content, we assume no liability for the content of external links. The content of linked websites is the exclusive responsibility of the operator of those sites.<br>&nbsp;<br>Responsible for the contents (according to \u00a7 55 Abs. 2 RStV):<br>Karl Schwitzke, Klaus Schwitzke (address as above)<br>&nbsp;<br>Concept\/Design:&nbsp;<a href=\"https:\/\/schwitzke.com\/en\/schwitzke-identity-design\/\">Schwitzke Identity Design GmbH<\/a><br>Digital-Agency:&nbsp;<a href=\"https:\/\/s-media.de\" target=\"_blank\" rel=\"noreferrer noopener\">S-MEDIA<\/a><br>Photographers: Schwitzke ID, Peter Deussen, Jana Dorn, Christian K\u00f6ster, Philipp Kremer, Steffen Schulte-Lippern,<br>Oliver Tjaden, Patrick Tiedtke, Nick Wolff<br>We thank our clients for the photos they have made available to us.<\/p>\n","protected":false},"excerpt":{"rendered":"<p>Schwitzke GmbHbusiness partnershipTu\u00dfmannstra\u00dfe 7040477 D\u00fcsseldorf&nbsp;Phone: +49 211 44035-0Fax: +49 211 480222Email:&nbsp;info@schwitzke.comwww.schwitzke.com&nbsp;Managing directors:Karl SchwitzkeKlaus Schwitzke&nbsp;Commercial register: HRB D\u00fcsseldorf 54222Sales tax identification number: DE 249529850&nbsp;Registered professional titles:Karl Schwitzke: certified designer (Degree in Applied Sciences)Klaus Schwitzke: certified designer (Degree in Applied Sciences)&nbsp;The Federal Republic of Germany awarded the professional titles and the managing directors are members of the [&hellip;]<\/p>\n","protected":false},"author":4,"featured_media":0,"parent":0,"menu_order":0,"comment_status":"closed","ping_status":"closed","template":"","meta":{"_et_pb_use_builder":"on","_et_pb_old_content":"","_et_gb_content_width":"","footnotes":""},"class_list":["post-1620","page","type-page","status-publish","hentry"],"yoast_head":"<!-- This site is optimized with the Yoast SEO plugin v27.4 - https:\/\/yoast.com\/product\/yoast-seo-wordpress\/ -->\n<title>Imprint | Schwitzke<\/title>\n<meta name=\"robots\" content=\"index, follow, max-snippet:-1, max-image-preview:large, max-video-preview:-1\" \/>\n<link rel=\"canonical\" href=\"https:\/\/schwitzke.com\/en\/imprint\/\" \/>\n<meta property=\"og:locale\" content=\"en_US\" \/>\n<meta property=\"og:type\" content=\"article\" \/>\n<meta property=\"og:title\" content=\"Imprint | Schwitzke\" \/>\n<meta property=\"og:description\" content=\"Schwitzke GmbHbusiness partnershipTu\u00dfmannstra\u00dfe 7040477 D\u00fcsseldorf&nbsp;Phone: +49 211 44035-0Fax: +49 211 480222Email:&nbsp;info@schwitzke.comwww.schwitzke.com&nbsp;Managing directors:Karl SchwitzkeKlaus Schwitzke&nbsp;Commercial register: HRB D\u00fcsseldorf 54222Sales tax identification number: DE 249529850&nbsp;Registered professional titles:Karl Schwitzke: certified designer (Degree in Applied Sciences)Klaus Schwitzke: certified designer (Degree in Applied Sciences)&nbsp;The Federal Republic of Germany awarded the professional titles and the managing directors are members of the [&hellip;]\" \/>\n<meta property=\"og:url\" content=\"https:\/\/schwitzke.com\/en\/imprint\/\" \/>\n<meta property=\"og:site_name\" content=\"Architekten, Designer und Generalunternehmer | Schwitzke\" \/>\n<meta property=\"article:modified_time\" content=\"2023-02-24T16:23:26+00:00\" \/>\n<meta name=\"twitter:card\" content=\"summary_large_image\" \/>\n<meta name=\"twitter:label1\" content=\"Est. reading time\" \/>\n\t<meta name=\"twitter:data1\" content=\"2 minutes\" \/>\n<script type=\"application\/ld+json\" class=\"yoast-schema-graph\">{\"@context\":\"https:\\\/\\\/schema.org\",\"@graph\":[{\"@type\":\"WebPage\",\"@id\":\"https:\\\/\\\/schwitzke.com\\\/en\\\/imprint\\\/\",\"url\":\"https:\\\/\\\/schwitzke.com\\\/en\\\/imprint\\\/\",\"name\":\"Imprint | Schwitzke\",\"isPartOf\":{\"@id\":\"https:\\\/\\\/schwitzke.com\\\/en\\\/#website\"},\"datePublished\":\"2022-12-18T19:51:43+00:00\",\"dateModified\":\"2023-02-24T16:23:26+00:00\",\"breadcrumb\":{\"@id\":\"https:\\\/\\\/schwitzke.com\\\/en\\\/imprint\\\/#breadcrumb\"},\"inLanguage\":\"en-US\",\"potentialAction\":[{\"@type\":\"ReadAction\",\"target\":[\"https:\\\/\\\/schwitzke.com\\\/en\\\/imprint\\\/\"]}]},{\"@type\":\"BreadcrumbList\",\"@id\":\"https:\\\/\\\/schwitzke.com\\\/en\\\/imprint\\\/#breadcrumb\",\"itemListElement\":[{\"@type\":\"ListItem\",\"position\":1,\"name\":\"Startseite\",\"item\":\"https:\\\/\\\/schwitzke.com\\\/en\\\/\"},{\"@type\":\"ListItem\",\"position\":2,\"name\":\"Imprint\"}]},{\"@type\":\"WebSite\",\"@id\":\"https:\\\/\\\/schwitzke.com\\\/en\\\/#website\",\"url\":\"https:\\\/\\\/schwitzke.com\\\/en\\\/\",\"name\":\"Architekten, Designer und Generalunternehmer | Schwitzke\",\"description\":\"\",\"potentialAction\":[{\"@type\":\"SearchAction\",\"target\":{\"@type\":\"EntryPoint\",\"urlTemplate\":\"https:\\\/\\\/schwitzke.com\\\/en\\\/?s={search_term_string}\"},\"query-input\":{\"@type\":\"PropertyValueSpecification\",\"valueRequired\":true,\"valueName\":\"search_term_string\"}}],\"inLanguage\":\"en-US\"}]}<\/script>\n<!-- \/ Yoast SEO plugin. -->","yoast_head_json":{"title":"Imprint | Schwitzke","robots":{"index":"index","follow":"follow","max-snippet":"max-snippet:-1","max-image-preview":"max-image-preview:large","max-video-preview":"max-video-preview:-1"},"canonical":"https:\/\/schwitzke.com\/en\/imprint\/","og_locale":"en_US","og_type":"article","og_title":"Imprint | Schwitzke","og_description":"Schwitzke GmbHbusiness partnershipTu\u00dfmannstra\u00dfe 7040477 D\u00fcsseldorf&nbsp;Phone: +49 211 44035-0Fax: +49 211 480222Email:&nbsp;info@schwitzke.comwww.schwitzke.com&nbsp;Managing directors:Karl SchwitzkeKlaus Schwitzke&nbsp;Commercial register: HRB D\u00fcsseldorf 54222Sales tax identification number: DE 249529850&nbsp;Registered professional titles:Karl Schwitzke: certified designer (Degree in Applied Sciences)Klaus Schwitzke: certified designer (Degree in Applied Sciences)&nbsp;The Federal Republic of Germany awarded the professional titles and the managing directors are members of the [&hellip;]","og_url":"https:\/\/schwitzke.com\/en\/imprint\/","og_site_name":"Architekten, Designer und Generalunternehmer | Schwitzke","article_modified_time":"2023-02-24T16:23:26+00:00","twitter_card":"summary_large_image","twitter_misc":{"Est. reading time":"2 minutes"},"schema":{"@context":"https:\/\/schema.org","@graph":[{"@type":"WebPage","@id":"https:\/\/schwitzke.com\/en\/imprint\/","url":"https:\/\/schwitzke.com\/en\/imprint\/","name":"Imprint | Schwitzke","isPartOf":{"@id":"https:\/\/schwitzke.com\/en\/#website"},"datePublished":"2022-12-18T19:51:43+00:00","dateModified":"2023-02-24T16:23:26+00:00","breadcrumb":{"@id":"https:\/\/schwitzke.com\/en\/imprint\/#breadcrumb"},"inLanguage":"en-US","potentialAction":[{"@type":"ReadAction","target":["https:\/\/schwitzke.com\/en\/imprint\/"]}]},{"@type":"BreadcrumbList","@id":"https:\/\/schwitzke.com\/en\/imprint\/#breadcrumb","itemListElement":[{"@type":"ListItem","position":1,"name":"Startseite","item":"https:\/\/schwitzke.com\/en\/"},{"@type":"ListItem","position":2,"name":"Imprint"}]},{"@type":"WebSite","@id":"https:\/\/schwitzke.com\/en\/#website","url":"https:\/\/schwitzke.com\/en\/","name":"Architekten, Designer und Generalunternehmer | Schwitzke","description":"","potentialAction":[{"@type":"SearchAction","target":{"@type":"EntryPoint","urlTemplate":"https:\/\/schwitzke.com\/en\/?s={search_term_string}"},"query-input":{"@type":"PropertyValueSpecification","valueRequired":true,"valueName":"search_term_string"}}],"inLanguage":"en-US"}]}},"_links":{"self":[{"href":"https:\/\/schwitzke.com\/en\/wp-json\/wp\/v2\/pages\/1620","targetHints":{"allow":["GET"]}}],"collection":[{"href":"https:\/\/schwitzke.com\/en\/wp-json\/wp\/v2\/pages"}],"about":[{"href":"https:\/\/schwitzke.com\/en\/wp-json\/wp\/v2\/types\/page"}],"author":[{"embeddable":true,"href":"https:\/\/schwitzke.com\/en\/wp-json\/wp\/v2\/users\/4"}],"replies":[{"embeddable":true,"href":"https:\/\/schwitzke.com\/en\/wp-json\/wp\/v2\/comments?post=1620"}],"version-history":[{"count":0,"href":"https:\/\/schwitzke.com\/en\/wp-json\/wp\/v2\/pages\/1620\/revisions"}],"wp:attachment":[{"href":"https:\/\/schwitzke.com\/en\/wp-json\/wp\/v2\/media?parent=1620"}],"curies":[{"name":"wp","href":"https:\/\/api.w.org\/{rel}","templated":true}]}}