{"id":836,"date":"2022-12-18T19:34:52","date_gmt":"2022-12-18T19:34:52","guid":{"rendered":"https:\/\/schwitzke.com\/contact"},"modified":"2025-05-23T15:14:57","modified_gmt":"2025-05-23T15:14:57","slug":"contact","status":"publish","type":"page","link":"https:\/\/schwitzke.com\/en\/contact\/","title":{"rendered":"Contact"},"content":{"rendered":"<p>[et_pb_section fb_built=&#8221;1&#8243; _builder_version=&#8221;4.19.3&#8243; _module_preset=&#8221;default&#8221; global_colors_info=&#8221;{}&#8221;][et_pb_row _builder_version=&#8221;4.19.3&#8243; _module_preset=&#8221;default&#8221; global_colors_info=&#8221;{}&#8221;][et_pb_column type=&#8221;4_4&#8243; _builder_version=&#8221;4.19.3&#8243; _module_preset=&#8221;default&#8221; global_colors_info=&#8221;{}&#8221;][sc_contact_form title=&#8221;Contact Schwitzke&#8221; text=&#8221;&lt;p&gt;We&#039;re glad you&#039;d like to talk to us.&lt;br&gt;If you&#039;re interested in one of our services or have a specific request, please use the form below.&lt;\/p&gt;<br \/>\n&lt;p&gt;We look forward to hearing from you!&lt;\/p&gt;&#8221; contact_name=&#8221;Schwitzke GmbH&#8221; contact_address=&#8221;Tu\u00dfmannstra\u00dfe 70<br \/>\n40477 D\u00fcsseldorf \/ Germany&#8221; contact_phone=&#8221;+49 211 44035-0&#8243; contact_email=&#8221;info@schwitzke.com&#8221; contact_route=&#8221;https:\/\/goo.gl\/maps\/JLG5FFQbeWBeSNYDA&#8221; success_message=&#8221;Vielen Dank f\u00fcr Ihre Nachricht.&#8221; submit_button_text=&#8221;Senden&#8221; offset_top=&#8221;md&#8221; _builder_version=&#8221;4.27.4&#8243; _module_preset=&#8221;default&#8221; _unique_id=&#8221;df381bbe-3616-4652-aba1-9df98b5bdc72&#8243; hover_enabled=&#8221;0&#8243; global_colors_info=&#8221;{}&#8221; email=&#8221;info@schwitzke.com&#8221; sticky_enabled=&#8221;0&#8243;][sc_contact_field field_id=&#8221;vorname&#8221; field_title=&#8221;Vorname&#8221; _builder_version=&#8221;4.19.3&#8243; _module_preset=&#8221;default&#8221; global_colors_info=&#8221;{}&#8221;][\/sc_contact_field][sc_contact_field field_id=&#8221;nachname&#8221; field_title=&#8221;Nachname&#8221; _builder_version=&#8221;4.19.3&#8243; _module_preset=&#8221;default&#8221; global_colors_info=&#8221;{}&#8221;][\/sc_contact_field][sc_contact_field field_id=&#8221;email&#8221; field_title=&#8221;E-mail&#8221; field_type=&#8221;email&#8221; _builder_version=&#8221;4.19.3&#8243; _module_preset=&#8221;default&#8221; global_colors_info=&#8221;{}&#8221;][\/sc_contact_field][sc_contact_field field_id=&#8221;firma&#8221; field_title=&#8221;Firma&#8221; _builder_version=&#8221;4.19.3&#8243; _module_preset=&#8221;default&#8221; global_colors_info=&#8221;{}&#8221;][\/sc_contact_field][sc_contact_field field_id=&#8221;land&#8221; field_title=&#8221;Land&#8221; _builder_version=&#8221;4.19.3&#8243; _module_preset=&#8221;default&#8221; global_colors_info=&#8221;{}&#8221;][\/sc_contact_field][sc_contact_field field_id=&#8221;thmea&#8221; field_title=&#8221;Wonach suchen Sie?&#8221; _builder_version=&#8221;4.19.3&#8243; _module_preset=&#8221;default&#8221; global_colors_info=&#8221;{}&#8221;][\/sc_contact_field][sc_contact_field field_id=&#8221;nachricht&#8221; field_title=&#8221;Nachricht&#8221; field_type=&#8221;text&#8221; fullwidth_field=&#8221;on&#8221; _builder_version=&#8221;4.19.3&#8243; _module_preset=&#8221;default&#8221; global_colors_info=&#8221;{}&#8221;][\/sc_contact_field][sc_contact_field field_id=&#8221;dsgvo&#8221; field_title=&#8221; &#8221; field_type=&#8221;checkbox&#8221; checkbox_options=&#8221;%91{%22value%22:%22Ich akzeptiere, dass meine Daten zur Kontaktaufnahme gem\u00e4\u00df unserer Datenschutzerkl\u00e4rung gespeichert werden.%22,%22checked%22:0,%22dragID%22:-1,%22link_url%22:%22\/datenschutzerklaerung%22,%22link_text%22:%22Datenschutzerkl\u00e4rung%22}%93&#8243; fullwidth_field=&#8221;on&#8221; _builder_version=&#8221;4.19.3&#8243; _module_preset=&#8221;default&#8221; global_colors_info=&#8221;{}&#8221;][\/sc_contact_field][\/sc_contact_form][\/et_pb_column][\/et_pb_row][\/et_pb_section]<\/p>\n","protected":false},"excerpt":{"rendered":"<div class=\"et_pb_module sc_contact_form sc_contact_form_0 et_pb_contact_form_container clearfix \">\n\t\t\t\t\n\t\t\t\t\n\t\t\t\t\n\t\t\t\t\n\t\t\t\t\n\t\t\t\t\n\t\t\t\t<div class=\"et_pb_module_inner\">\n\t\t\t\t\t\n\t\t\t<div class=\"module module--boxed offset-top--&#8221;md&#8221; offset-bottom--lg\" data-aos=\"fade-in\">\n\t\t\t\t<div class=\"sc_contact_form__wrapper\">\n\t\t\t\t\t<h1 class=\"form__title\">&#8221;Contact<\/h1>\n\t\t\t\t\t<div class=\"form__contact\">\n\t\t\t\t\t<div class=\"contact__column\">\n\t\t\t\t\t\t<div class=\"contact__name\">&#8221;Schwitzke<\/div>\n\t\t\t\t\t\t<div class=\"contact__address\">&#8221;Tu\u00dfmannstra\u00dfe<\/div>\n\t\t\t\t\t<\/div>\n\t\t\t\t\t<div class=\"contact__column\">\n\t\t\t\t\t\t<div class=\"contact__phone\">Phone: <a href=\"tel:&#8221;+49\">&#8221;+49<\/a><\/div>\n\t\t\t\t\t\t\n\t\t\t\t\t\t<div class=\"contact__email\"><a href=\"mailto:&#8221;info@schwitzke.com&#8221;\">&#8221;info@schwitzke.com&#8221;<\/a><\/div>\n\t\t\t\t\t<\/div>\n\t\t\t\t\t<div class=\"contact__column\">\n\t\t\t\t\t\t<div class=\"contact__route\"><a href=\"&#8221;https:\/\/goo.gl\/maps\/JLG5FFQbeWBeSNYDA&#8221;\" class=\"read-more-btn\">ANFAHRT<\/a><\/div>\n\t\t\t\t\t<\/div>\n\t\t\t\t<\/div>\n\t\t\t\t\t<div class=\"form__text\">&#8221;&lt;p&gt;We&#039;re<\/div>\n\t\t\t\t\t<div id=\"et_pb_contact_form_0\" class=\"sc_contact_form__inner\" data-form_unique_num=\"0\" data-form_unique_id=\"\">\n\t\t\t\t\t\t<div class=\"et-pb-contact-message\"><\/div>\n\t\t\t\t\t\t\n\t\t\t\t<div class=\"et_pb_contact\">\n\t\t\t\t\t<form class=\"et_pb_contact_form\" method=\"post\" action=\"https:\/\/schwitzke.com\/en\/wp-json\/wp\/v2\/pages\/836\">\n\t\t\t\t\t\t\n\t\t\t<div class=\"sc_contact_field sc_contact_field_0\">\n\t\t\t\t\n\t\t\t\t\n\t\t\t\t\n\t\t\t\t\n\t\t\t\t\n\t\t\t\t\n\t\t\t\t<div class=\"et_pb_module_inner\">\n\t\t\t\t\t<p class=\"sc_contact_field sc_contact_field--input sc_contact_field--required sc_contact_field--title et_pb_contact_field et_pb_contact_field_input\" data-id=\"name\" data-type=\"input\">\n\t\t\t\t\n\t\t\t\t\n\t\t\t\t\n\t\t\t\t\n\t\t\t\t<label for=\"et_pb_contact_name_1\" class=\"et_pb_contact_form_label\">Name<\/label>\n\t\t\t\t<input type=\"text\" id=\"et_pb_contact_name_1\" class=\"input\" value=\"\" name=\"et_pb_contact_name_1\" data-required_mark=\"required\" data-field_type=\"input\" data-original_id=\"name\" placeholder=\"Name\">\n\t\t\t<\/p>\n\t\t\t\t<\/div>\n\t\t\t<\/div>\n\t\t\t<div class=\"sc_contact_field sc_contact_field_1 et_pb_contact_field_last\">\n\t\t\t\t\n\t\t\t\t\n\t\t\t\t\n\t\t\t\t\n\t\t\t\t\n\t\t\t\t\n\t\t\t\t<div class=\"et_pb_module_inner\">\n\t\t\t\t\t<p class=\"sc_contact_field sc_contact_field--email sc_contact_field--required sc_contact_field--title et_pb_contact_field et_pb_contact_field_email\" data-id=\"email\" data-type=\"email\">\n\t\t\t\t\n\t\t\t\t\n\t\t\t\t\n\t\t\t\t\n\t\t\t\t<label for=\"et_pb_contact_email_1\" class=\"et_pb_contact_form_label\">Email Address<\/label>\n\t\t\t\t<input type=\"text\" id=\"et_pb_contact_email_1\" class=\"input\" value=\"\" name=\"et_pb_contact_email_1\" data-required_mark=\"required\" data-field_type=\"email\" data-original_id=\"email\" placeholder=\"Email Address\">\n\t\t\t<\/p>\n\t\t\t\t<\/div>\n\t\t\t<\/div>\n\t\t\t<div class=\"sc_contact_field sc_contact_field_2 sc_contact_field--fullwidth et_pb_contact_field_last\">\n\t\t\t\t\n\t\t\t\t\n\t\t\t\t\n\t\t\t\t\n\t\t\t\t\n\t\t\t\t\n\t\t\t\t<div class=\"et_pb_module_inner\">\n\t\t\t\t\t<p class=\"sc_contact_field sc_contact_field--text sc_contact_field--required sc_contact_field--title et_pb_contact_field et_pb_contact_field_text\" data-id=\"message\" data-type=\"text\">\n\t\t\t\t\n\t\t\t\t\n\t\t\t\t\n\t\t\t\t\n\t\t\t\t<label for=\"et_pb_contact_message_1\" class=\"et_pb_contact_form_label\">Message<\/label>\n\t\t\t\t<textarea name=\"et_pb_contact_message_1\" id=\"et_pb_contact_message_1\" class=\"et_pb_contact_message input\" data-required_mark=\"required\" data-field_type=\"text\" data-original_id=\"message\" placeholder=\"Message\"><\/textarea>\n\t\t\t<\/p>\n\t\t\t\t<\/div>\n\t\t\t<\/div>\n\t\t\t\n\t\t\t\t\t\t<input type=\"text\" value=\"\" name=\"hp_name\" data-hp\/>\n\t\t\t\t\t\t<input type=\"email\" value=\"info@example.org\" name=\"hp_email\" data-hp\/>\n\t\t\t\t\t\t<input type=\"hidden\" value=\"et_contact_proccess\" name=\"et_pb_contactform_submit_0\"\/>\n\t\t\t\t\t\t<div class=\"et_contact_bottom_container\">\n\t\t\t\t\t\t\t\n\t\t\t<div class=\"contact__captcha et_pb_contact_right\">\n\t\t\t\t\t<span class=\"et_pb_contact_captcha_question\">2 + 2<\/span> = <input type=\"text\" size=\"2\" class=\"input et_pb_contact_captcha\" data-first_digit=\"2\" data-second_digit=\"2\" value=\"\" name=\"et_pb_contact_captcha_0\" data-required_mark=\"required\" autocomplete=\"off\">\n\t\t\t<\/div>\n\t\t\t\t\t\t\t<button type=\"submit\" name=\"et_builder_submit_button\" class=\"sc-button sc-button--primary\">&#8221;Senden&#8221;<\/button>\n\t\t\t\t\t\t<\/div>\n\t\t\t\t\t\t<input type=\"hidden\" id=\"_wpnonce-et-pb-contact-form-submitted-0\" name=\"_wpnonce-et-pb-contact-form-submitted-0\" value=\"82b1f0715d\" \/><input type=\"hidden\" name=\"_wp_http_referer\" value=\"\/en\/wp-json\/wp\/v2\/pages\/836\" \/>\n\t\t\t\t\t<\/form>\n\t\t\t\t<\/div>\n\t\t\t\t\t<\/div>\n\t\t\t\t<\/div>\n\t\t\t<\/div>\n\t\t\t\t<\/div>\n\t\t\t<\/div>\n","protected":false},"author":1,"featured_media":0,"parent":0,"menu_order":0,"comment_status":"closed","ping_status":"closed","template":"","meta":{"_et_pb_use_builder":"on","_et_pb_old_content":"","_et_gb_content_width":"","footnotes":""},"class_list":["post-836","page","type-page","status-publish","hentry"],"yoast_head":"<!-- This site is optimized with the Yoast SEO plugin v27.4 - https:\/\/yoast.com\/product\/yoast-seo-wordpress\/ -->\n<title>Contact - We look forward to hearing from you | Schwitzke<\/title>\n<meta name=\"description\" content=\"Get in touch with us. Are you looking for a \u2714 designer \u2714 architect or \u2714 general contractor? We look forward to hearing from you | Schwitzke\" \/>\n<meta name=\"robots\" content=\"index, follow, max-snippet:-1, max-image-preview:large, max-video-preview:-1\" \/>\n<link rel=\"canonical\" href=\"https:\/\/schwitzke.com\/en\/contact\/\" \/>\n<meta property=\"og:locale\" content=\"en_US\" \/>\n<meta property=\"og:type\" content=\"article\" \/>\n<meta property=\"og:title\" content=\"Contact - We look forward to hearing from you | Schwitzke\" \/>\n<meta property=\"og:description\" content=\"Get in touch with us. Are you looking for a \u2714 designer \u2714 architect or \u2714 general contractor? We look forward to hearing from you | Schwitzke\" \/>\n<meta property=\"og:url\" content=\"https:\/\/schwitzke.com\/en\/contact\/\" \/>\n<meta property=\"og:site_name\" content=\"Architekten, Designer und Generalunternehmer | Schwitzke\" \/>\n<meta property=\"article:modified_time\" content=\"2025-05-23T15:14:57+00:00\" \/>\n<meta name=\"twitter:card\" content=\"summary_large_image\" \/>\n<meta name=\"twitter:label1\" content=\"Est. reading time\" \/>\n\t<meta name=\"twitter:data1\" content=\"2 minutes\" \/>\n<script type=\"application\/ld+json\" class=\"yoast-schema-graph\">{\"@context\":\"https:\\\/\\\/schema.org\",\"@graph\":[{\"@type\":\"WebPage\",\"@id\":\"https:\\\/\\\/schwitzke.com\\\/en\\\/contact\\\/\",\"url\":\"https:\\\/\\\/schwitzke.com\\\/en\\\/contact\\\/\",\"name\":\"Contact - We look forward to hearing from you | Schwitzke\",\"isPartOf\":{\"@id\":\"https:\\\/\\\/schwitzke.com\\\/en\\\/#website\"},\"datePublished\":\"2022-12-18T19:34:52+00:00\",\"dateModified\":\"2025-05-23T15:14:57+00:00\",\"description\":\"Get in touch with us. Are you looking for a \u2714 designer \u2714 architect or \u2714 general contractor? We look forward to hearing from you | Schwitzke\",\"breadcrumb\":{\"@id\":\"https:\\\/\\\/schwitzke.com\\\/en\\\/contact\\\/#breadcrumb\"},\"inLanguage\":\"en-US\",\"potentialAction\":[{\"@type\":\"ReadAction\",\"target\":[\"https:\\\/\\\/schwitzke.com\\\/en\\\/contact\\\/\"]}]},{\"@type\":\"BreadcrumbList\",\"@id\":\"https:\\\/\\\/schwitzke.com\\\/en\\\/contact\\\/#breadcrumb\",\"itemListElement\":[{\"@type\":\"ListItem\",\"position\":1,\"name\":\"Startseite\",\"item\":\"https:\\\/\\\/schwitzke.com\\\/en\\\/\"},{\"@type\":\"ListItem\",\"position\":2,\"name\":\"Contact\"}]},{\"@type\":\"WebSite\",\"@id\":\"https:\\\/\\\/schwitzke.com\\\/en\\\/#website\",\"url\":\"https:\\\/\\\/schwitzke.com\\\/en\\\/\",\"name\":\"Architekten, Designer und Generalunternehmer | Schwitzke\",\"description\":\"\",\"potentialAction\":[{\"@type\":\"SearchAction\",\"target\":{\"@type\":\"EntryPoint\",\"urlTemplate\":\"https:\\\/\\\/schwitzke.com\\\/en\\\/?s={search_term_string}\"},\"query-input\":{\"@type\":\"PropertyValueSpecification\",\"valueRequired\":true,\"valueName\":\"search_term_string\"}}],\"inLanguage\":\"en-US\"}]}<\/script>\n<!-- \/ Yoast SEO plugin. -->","yoast_head_json":{"title":"Contact - We look forward to hearing from you | Schwitzke","description":"Get in touch with us. Are you looking for a \u2714 designer \u2714 architect or \u2714 general contractor? We look forward to hearing from you | Schwitzke","robots":{"index":"index","follow":"follow","max-snippet":"max-snippet:-1","max-image-preview":"max-image-preview:large","max-video-preview":"max-video-preview:-1"},"canonical":"https:\/\/schwitzke.com\/en\/contact\/","og_locale":"en_US","og_type":"article","og_title":"Contact - We look forward to hearing from you | Schwitzke","og_description":"Get in touch with us. Are you looking for a \u2714 designer \u2714 architect or \u2714 general contractor? We look forward to hearing from you | Schwitzke","og_url":"https:\/\/schwitzke.com\/en\/contact\/","og_site_name":"Architekten, Designer und Generalunternehmer | Schwitzke","article_modified_time":"2025-05-23T15:14:57+00:00","twitter_card":"summary_large_image","twitter_misc":{"Est. reading time":"2 minutes"},"schema":{"@context":"https:\/\/schema.org","@graph":[{"@type":"WebPage","@id":"https:\/\/schwitzke.com\/en\/contact\/","url":"https:\/\/schwitzke.com\/en\/contact\/","name":"Contact - We look forward to hearing from you | Schwitzke","isPartOf":{"@id":"https:\/\/schwitzke.com\/en\/#website"},"datePublished":"2022-12-18T19:34:52+00:00","dateModified":"2025-05-23T15:14:57+00:00","description":"Get in touch with us. Are you looking for a \u2714 designer \u2714 architect or \u2714 general contractor? We look forward to hearing from you | Schwitzke","breadcrumb":{"@id":"https:\/\/schwitzke.com\/en\/contact\/#breadcrumb"},"inLanguage":"en-US","potentialAction":[{"@type":"ReadAction","target":["https:\/\/schwitzke.com\/en\/contact\/"]}]},{"@type":"BreadcrumbList","@id":"https:\/\/schwitzke.com\/en\/contact\/#breadcrumb","itemListElement":[{"@type":"ListItem","position":1,"name":"Startseite","item":"https:\/\/schwitzke.com\/en\/"},{"@type":"ListItem","position":2,"name":"Contact"}]},{"@type":"WebSite","@id":"https:\/\/schwitzke.com\/en\/#website","url":"https:\/\/schwitzke.com\/en\/","name":"Architekten, Designer und Generalunternehmer | Schwitzke","description":"","potentialAction":[{"@type":"SearchAction","target":{"@type":"EntryPoint","urlTemplate":"https:\/\/schwitzke.com\/en\/?s={search_term_string}"},"query-input":{"@type":"PropertyValueSpecification","valueRequired":true,"valueName":"search_term_string"}}],"inLanguage":"en-US"}]}},"_links":{"self":[{"href":"https:\/\/schwitzke.com\/en\/wp-json\/wp\/v2\/pages\/836","targetHints":{"allow":["GET"]}}],"collection":[{"href":"https:\/\/schwitzke.com\/en\/wp-json\/wp\/v2\/pages"}],"about":[{"href":"https:\/\/schwitzke.com\/en\/wp-json\/wp\/v2\/types\/page"}],"author":[{"embeddable":true,"href":"https:\/\/schwitzke.com\/en\/wp-json\/wp\/v2\/users\/1"}],"replies":[{"embeddable":true,"href":"https:\/\/schwitzke.com\/en\/wp-json\/wp\/v2\/comments?post=836"}],"version-history":[{"count":3,"href":"https:\/\/schwitzke.com\/en\/wp-json\/wp\/v2\/pages\/836\/revisions"}],"predecessor-version":[{"id":4350,"href":"https:\/\/schwitzke.com\/en\/wp-json\/wp\/v2\/pages\/836\/revisions\/4350"}],"wp:attachment":[{"href":"https:\/\/schwitzke.com\/en\/wp-json\/wp\/v2\/media?parent=836"}],"curies":[{"name":"wp","href":"https:\/\/api.w.org\/{rel}","templated":true}]}}