{"id":3457,"date":"2023-02-21T15:41:52","date_gmt":"2023-02-21T14:41:52","guid":{"rendered":"https:\/\/schwitzke.com\/schwitzke-identity-design\/cases-2\/cases-production-operations\/"},"modified":"2023-02-24T10:39:59","modified_gmt":"2023-02-24T09:39:59","slug":"cases-production-operations","status":"publish","type":"page","link":"https:\/\/schwitzke.com\/schwitzke-identity-design\/en\/cases\/cases-production-operations\/","title":{"rendered":"Cases \u2013 Production &amp; Operations"},"content":{"rendered":"<p>[et_pb_section fb_built=&#8221;1&#8243; _builder_version=&#8221;4.20.0&#8243; _module_preset=&#8221;default&#8221; global_colors_info=&#8221;{}&#8221;][et_pb_row _builder_version=&#8221;4.20.0&#8243; _module_preset=&#8221;default&#8221; global_colors_info=&#8221;{}&#8221;][et_pb_column type=&#8221;4_4&#8243; _builder_version=&#8221;4.20.0&#8243; _module_preset=&#8221;default&#8221; global_colors_info=&#8221;{}&#8221;][scid_works_teaser layout=&#8221;grid&#8221; headline=&#8221;Production and Operations&#8221; subheadline=&#8221;Let us turn your vision into reality. We accompany you from production to implementation.  &#8221; categories_filter=&#8221;32&#8243; offset_top=&#8221;md&#8221; offset_bottom=&#8221;no&#8221; _builder_version=&#8221;4.20.0&#8243; _module_preset=&#8221;default&#8221; hover_enabled=&#8221;0&#8243; global_colors_info=&#8221;{}&#8221; sticky_enabled=&#8221;0&#8243;][\/scid_works_teaser][scid_contact_person contact_person=&#8221;371&#8243; headline=&#8221;We look forward to meeting you!&#8221; button_text=&#8221;CONTACT US&#8221; button_url=&#8221;@ET-DC@eyJkeW5hbWljIjp0cnVlLCJjb250ZW50IjoicG9zdF9saW5rX3VybF9wYWdlIiwic2V0dGluZ3MiOnsicG9zdF9pZCI6IjMyMDkifX0=@&#8221; offset_bottom=&#8221;no&#8221; _builder_version=&#8221;4.20.0&#8243; _dynamic_attributes=&#8221;button_url&#8221; _module_preset=&#8221;default&#8221; global_colors_info=&#8221;{}&#8221;][\/scid_contact_person][\/et_pb_column][\/et_pb_row][\/et_pb_section]<\/p>\n","protected":false},"excerpt":{"rendered":"<p><div class=\"et_pb_module scid_works_teaser scid_works_teaser_0\">\n\t\t\t\t\n\t\t\t\t\n\t\t\t\t\n\t\t\t\t\n\t\t\t\t\n\t\t\t\t\n\t\t\t\t<div class=\"et_pb_module_inner\">\n\t\t\t\t\t\n\t\t\t\t\t<div class=\"module module--boxed offset-top--md offset-bottom--no\" data-aos=\"fade-in\">\n\t\t\t\t\t\t<div class=\"scid-works-teaser scid-works-teaser--grid\">\n\t\t\t\t\t\t\t<h1 class=\"scid-module-headline\">Production and Operations<\/h1>\n\t\t\t\t\t\t\t<h3 class=\"scid-module-subheadline\">Let us turn your vision into reality. We accompany you from production to implementation. <\/h3>\n\t\t\t\t\t\t\t<div class=\"scid-works scid-works--grid\">\n                 \t\t\t\t<div class=\"filter__container\"><div class=\"filter__wrapper filter__wrapper--categories\"><select class=\"filter\"><option value=\"all\">All categories<\/option><option value=\"56\" data-description=\"We develop holistic marketing and communication concepts and help to identify and use the best channels and formats to reach the right audience.\">Marketing and Communication<\/option><option value=\"57\" data-description=\"Let\u2019s get your vision off the press. Below, we\u2019ve gathered some of the production work we\u2019ve done for clients to help them move forward smoothly and with confidence.\">Production and Operations<\/option><option value=\"53\" data-description=\"Building on the strategy, we develop unique design solutions that unerringly communicate the identity of your brand - regardless of whether we are developing or refreshing a brand.\">Rebranding and Design<\/option><option value=\"55\" data-description=\"Strategy is at the heart of our work. It is crucial to ensure that solutions not only work today, but also in the future.\">Strategy Consultations<\/option><\/select><\/div><div class=\"filter__wrapper\"><select class=\"filter\"><option value=\"all\">All sectors<\/option><option value=\"65\">City &amp; Institution<\/option><option value=\"84\">Food &amp; Beverage<\/option><option value=\"59\">Food and Beverage<\/option><option value=\"58\">Hospitality<\/option><option value=\"62\">International Brand<\/option><option value=\"60\">Offices<\/option><option value=\"85\">Property Development<\/option><option value=\"63\">Property Development<\/option><option value=\"54\">Retail<\/option><\/select><\/div><\/div>\n                  \t\t\t\t<div class=\"works__teasers\">\n\t\t            <div class=\"teaser teaser--tile\" style=\"display:none\" data-categories=\"56, 57, 53, 55, 62\">\n\t\t\t            <a class=\"teaser__link\" href=\"https:\/\/schwitzke.com\/schwitzke-identity-design\/en\/projekt\/oeko-tex-a-new-look-for-a-trusted-brand\/\" aria-label=\"OEKO-TEX\u00ae\">\n\t\t\t\t            <div class=\"teaser__image\">\n\t\t\t\t\t            <img width=\"2560\" height=\"1708\" src=\"https:\/\/schwitzke.com\/schwitzke-identity-design\/wp-content\/uploads\/sites\/2\/2022\/12\/OEKO-TEX-header.webp\" class=\"attachment-xxl size-xxl\" alt=\"Abbildung eines grauen Textils mit OEKO-TEX\u00ae Etikett und Anh\u00e4nger.\" srcset=\"https:\/\/schwitzke.com\/schwitzke-identity-design\/wp-content\/uploads\/sites\/2\/2022\/12\/OEKO-TEX-header.webp 2560w, https:\/\/schwitzke.com\/schwitzke-identity-design\/wp-content\/uploads\/sites\/2\/2022\/12\/OEKO-TEX-header-1280x854.webp 1280w, https:\/\/schwitzke.com\/schwitzke-identity-design\/wp-content\/uploads\/sites\/2\/2022\/12\/OEKO-TEX-header-980x654.webp 980w, https:\/\/schwitzke.com\/schwitzke-identity-design\/wp-content\/uploads\/sites\/2\/2022\/12\/OEKO-TEX-header-480x320.webp 480w\" sizes=\"(max-width: 768px) 100vw, (max-width: 768px) and (min-resolution: 161dpi) 200vw, (min-resolution: 161dpi) 100vw, 50vw\" decoding=\"async\" \/>\n\t\t\t\t\t            <div class=\"image__overlay\"><span>VIEW WORK<\/span><\/div>\n\t\t\t\t            <\/div>\n\t\t\t\t            <h3 class=\"teaser__title\">OEKO-TEX\u00ae<\/h3>\n\t\t\t            <\/a>\n\t\t            <\/div>\n\t\t            <div class=\"teaser teaser--tile\" style=\"display:none\" data-categories=\"57, 53, 55, 48, 60\">\n\t\t\t            <a class=\"teaser__link\" href=\"https:\/\/schwitzke.com\/schwitzke-identity-design\/en\/projekt\/gridd-a-newly-redeveloped-multi-tenant-building-in-kennedydamm-duesseldorf\/\" aria-label=\"GRIDD\">\n\t\t\t\t            <div class=\"teaser__image\">\n\t\t\t\t\t            <img width=\"2560\" height=\"1707\" src=\"https:\/\/schwitzke.com\/schwitzke-identity-design\/wp-content\/uploads\/sites\/2\/2022\/12\/JK_8366-scaled.webp\" class=\"attachment-xxl size-xxl\" alt=\"Ein Bild eines zukunftsweisenden Wegeleitsystems im Eingangsbereich eines GRIDD-B\u00fcrogeb\u00e4udes.\" srcset=\"https:\/\/schwitzke.com\/schwitzke-identity-design\/wp-content\/uploads\/sites\/2\/2022\/12\/JK_8366-scaled.webp 2560w, https:\/\/schwitzke.com\/schwitzke-identity-design\/wp-content\/uploads\/sites\/2\/2022\/12\/JK_8366-1280x854.webp 1280w, https:\/\/schwitzke.com\/schwitzke-identity-design\/wp-content\/uploads\/sites\/2\/2022\/12\/JK_8366-980x653.webp 980w, https:\/\/schwitzke.com\/schwitzke-identity-design\/wp-content\/uploads\/sites\/2\/2022\/12\/JK_8366-480x320.webp 480w\" sizes=\"(max-width: 768px) 100vw, (max-width: 768px) and (min-resolution: 161dpi) 200vw, (min-resolution: 161dpi) 100vw, 50vw\" decoding=\"async\" \/>\n\t\t\t\t\t            <div class=\"image__overlay\"><span>VIEW WORK<\/span><\/div>\n\t\t\t\t            <\/div>\n\t\t\t\t            <h3 class=\"teaser__title\">GRIDD<\/h3>\n\t\t\t            <\/a>\n\t\t            <\/div>\n\t\t            <div class=\"teaser teaser--tile\" style=\"display:none\" data-categories=\"56, 57, 53, 55, 54\">\n\t\t\t            <a class=\"teaser__link\" href=\"https:\/\/schwitzke.com\/schwitzke-identity-design\/en\/projekt\/schleys-blumenparadies-a-family-run-garden-centre-in-ratingen-and-mettmann\/\" aria-label=\"Schley's\">\n\t\t\t\t            <div class=\"teaser__image\">\n\t\t\t\t\t            <img width=\"2560\" height=\"1707\" src=\"https:\/\/schwitzke.com\/schwitzke-identity-design\/wp-content\/uploads\/sites\/2\/2022\/12\/iStock-1188479443.webp\" class=\"attachment-xxl size-xxl\" alt=\"Bild einer Dame, die in Richtung des Plans l\u00e4chelt. Oben mit Schley&#039;s Logo. Bildnachweis von unsplash.\" srcset=\"https:\/\/schwitzke.com\/schwitzke-identity-design\/wp-content\/uploads\/sites\/2\/2022\/12\/iStock-1188479443.webp 2560w, https:\/\/schwitzke.com\/schwitzke-identity-design\/wp-content\/uploads\/sites\/2\/2022\/12\/iStock-1188479443-1280x854.webp 1280w, https:\/\/schwitzke.com\/schwitzke-identity-design\/wp-content\/uploads\/sites\/2\/2022\/12\/iStock-1188479443-980x653.webp 980w, https:\/\/schwitzke.com\/schwitzke-identity-design\/wp-content\/uploads\/sites\/2\/2022\/12\/iStock-1188479443-480x320.webp 480w\" sizes=\"(max-width: 768px) 100vw, (max-width: 768px) and (min-resolution: 161dpi) 200vw, (min-resolution: 161dpi) 100vw, 50vw\" decoding=\"async\" \/>\n\t\t\t\t\t            <div class=\"image__overlay\"><span>VIEW WORK<\/span><\/div>\n\t\t\t\t            <\/div>\n\t\t\t\t            <h3 class=\"teaser__title\">Schley's<\/h3>\n\t\t\t            <\/a>\n\t\t            <\/div>\n\t\t            <div class=\"teaser teaser--tile\" style=\"display:none\" data-categories=\"56, 57, 53, 55, 62, 54\">\n\t\t\t            <a class=\"teaser__link\" href=\"https:\/\/schwitzke.com\/schwitzke-identity-design\/en\/projekt\/optiker-bode-craftsmanship-meets-modern-lifestyle\/\" aria-label=\"Optiker Bode\">\n\t\t\t\t            <div class=\"teaser__image\">\n\t\t\t\t\t            <img width=\"2560\" height=\"1707\" src=\"https:\/\/schwitzke.com\/schwitzke-identity-design\/wp-content\/uploads\/sites\/2\/2022\/12\/MG_7999-Carolin-Ludwig-FOTOGRAFISCHE-WERKSTATT.webp\" class=\"attachment-xxl size-xxl\" alt=\"Bild von Optiker Bode interior.\" srcset=\"https:\/\/schwitzke.com\/schwitzke-identity-design\/wp-content\/uploads\/sites\/2\/2022\/12\/MG_7999-Carolin-Ludwig-FOTOGRAFISCHE-WERKSTATT.webp 2560w, https:\/\/schwitzke.com\/schwitzke-identity-design\/wp-content\/uploads\/sites\/2\/2022\/12\/MG_7999-Carolin-Ludwig-FOTOGRAFISCHE-WERKSTATT-1280x854.webp 1280w, https:\/\/schwitzke.com\/schwitzke-identity-design\/wp-content\/uploads\/sites\/2\/2022\/12\/MG_7999-Carolin-Ludwig-FOTOGRAFISCHE-WERKSTATT-980x653.webp 980w, https:\/\/schwitzke.com\/schwitzke-identity-design\/wp-content\/uploads\/sites\/2\/2022\/12\/MG_7999-Carolin-Ludwig-FOTOGRAFISCHE-WERKSTATT-480x320.webp 480w\" sizes=\"(max-width: 768px) 100vw, (max-width: 768px) and (min-resolution: 161dpi) 200vw, (min-resolution: 161dpi) 100vw, 50vw\" decoding=\"async\" \/>\n\t\t\t\t\t            <div class=\"image__overlay\"><span>VIEW WORK<\/span><\/div>\n\t\t\t\t            <\/div>\n\t\t\t\t            <h3 class=\"teaser__title\">Optiker Bode<\/h3>\n\t\t\t            <\/a>\n\t\t            <\/div>\n\t\t            <div class=\"teaser teaser--tile\" style=\"display:none\" data-categories=\"56, 57, 53, 55, 60, 63, 85\">\n\t\t\t            <a class=\"teaser__link\" href=\"https:\/\/schwitzke.com\/schwitzke-identity-design\/en\/projekt\/peak-vienna-new-real-estate-branding-with-feel-good-character-in-vienna\/\" aria-label=\"Peak Vienna\">\n\t\t\t\t            <div class=\"teaser__image\">\n\t\t\t\t\t            <img width=\"2560\" height=\"1707\" src=\"https:\/\/schwitzke.com\/schwitzke-identity-design\/wp-content\/uploads\/sites\/2\/2022\/12\/Peak_20210318_0104_Petra-Rautenstrauch.webp\" class=\"attachment-xxl size-xxl\" alt=\"Bild von Peak Vienna interior.\" srcset=\"https:\/\/schwitzke.com\/schwitzke-identity-design\/wp-content\/uploads\/sites\/2\/2022\/12\/Peak_20210318_0104_Petra-Rautenstrauch.webp 2560w, https:\/\/schwitzke.com\/schwitzke-identity-design\/wp-content\/uploads\/sites\/2\/2022\/12\/Peak_20210318_0104_Petra-Rautenstrauch-1280x854.webp 1280w, https:\/\/schwitzke.com\/schwitzke-identity-design\/wp-content\/uploads\/sites\/2\/2022\/12\/Peak_20210318_0104_Petra-Rautenstrauch-980x653.webp 980w, https:\/\/schwitzke.com\/schwitzke-identity-design\/wp-content\/uploads\/sites\/2\/2022\/12\/Peak_20210318_0104_Petra-Rautenstrauch-480x320.webp 480w\" sizes=\"(max-width: 768px) 100vw, (max-width: 768px) and (min-resolution: 161dpi) 200vw, (min-resolution: 161dpi) 100vw, 50vw\" decoding=\"async\" \/>\n\t\t\t\t\t            <div class=\"image__overlay\"><span>VIEW WORK<\/span><\/div>\n\t\t\t\t            <\/div>\n\t\t\t\t            <h3 class=\"teaser__title\">Peak Vienna<\/h3>\n\t\t\t            <\/a>\n\t\t            <\/div>\n\t\t            <div class=\"teaser teaser--tile\" style=\"display:none\" data-categories=\"56, 57, 53, 55, 58\">\n\t\t\t            <a class=\"teaser__link\" href=\"https:\/\/schwitzke.com\/schwitzke-identity-design\/en\/projekt\/sander-a-brand-family-for-food-hospitality\/\" aria-label=\"Sander\">\n\t\t\t\t            <div class=\"teaser__image\">\n\t\t\t\t\t            <img width=\"2560\" height=\"1707\" src=\"https:\/\/schwitzke.com\/schwitzke-identity-design\/wp-content\/uploads\/sites\/2\/2022\/12\/40_sander-Restaurant_MyZeil_Frankfurt_Ludwig_Gastronomy_Architecture_Design_Schwitzke_9578.webp\" class=\"attachment-xxl size-xxl\" alt=\"Bild eines Kellners, der eine violette Sch\u00fcrze mit dem neuen Sander-Logo tr\u00e4gt, w\u00e4hrend er zwei Teller mit Speisen h\u00e4lt.\" srcset=\"https:\/\/schwitzke.com\/schwitzke-identity-design\/wp-content\/uploads\/sites\/2\/2022\/12\/40_sander-Restaurant_MyZeil_Frankfurt_Ludwig_Gastronomy_Architecture_Design_Schwitzke_9578.webp 2560w, https:\/\/schwitzke.com\/schwitzke-identity-design\/wp-content\/uploads\/sites\/2\/2022\/12\/40_sander-Restaurant_MyZeil_Frankfurt_Ludwig_Gastronomy_Architecture_Design_Schwitzke_9578-1280x854.webp 1280w, https:\/\/schwitzke.com\/schwitzke-identity-design\/wp-content\/uploads\/sites\/2\/2022\/12\/40_sander-Restaurant_MyZeil_Frankfurt_Ludwig_Gastronomy_Architecture_Design_Schwitzke_9578-980x653.webp 980w, https:\/\/schwitzke.com\/schwitzke-identity-design\/wp-content\/uploads\/sites\/2\/2022\/12\/40_sander-Restaurant_MyZeil_Frankfurt_Ludwig_Gastronomy_Architecture_Design_Schwitzke_9578-480x320.webp 480w\" sizes=\"(max-width: 768px) 100vw, (max-width: 768px) and (min-resolution: 161dpi) 200vw, (min-resolution: 161dpi) 100vw, 50vw\" decoding=\"async\" \/>\n\t\t\t\t\t            <div class=\"image__overlay\"><span>VIEW WORK<\/span><\/div>\n\t\t\t\t            <\/div>\n\t\t\t\t            <h3 class=\"teaser__title\">Sander<\/h3>\n\t\t\t            <\/a>\n\t\t            <\/div>\n\t\t            <div class=\"teaser teaser--tile\" style=\"display:none\" data-categories=\"56, 57, 53, 55, 54\">\n\t\t\t            <a class=\"teaser__link\" href=\"https:\/\/schwitzke.com\/schwitzke-identity-design\/en\/projekt\/act-the-creation-of-a-new-apparel-contemporary-brand\/\" aria-label=\"act | The creation of a new apparel contemporary brand\">\n\t\t\t\t            <div class=\"teaser__image\">\n\t\t\t\t\t            <img width=\"2500\" height=\"1701\" src=\"https:\/\/schwitzke.com\/schwitzke-identity-design\/wp-content\/uploads\/sites\/2\/2022\/12\/Act-Header.webp\" class=\"attachment-xxl size-xxl\" alt=\"Visitenkarte Design der Tat auf einem grauen Hintergrund.\" srcset=\"https:\/\/schwitzke.com\/schwitzke-identity-design\/wp-content\/uploads\/sites\/2\/2022\/12\/Act-Header.webp 2500w, https:\/\/schwitzke.com\/schwitzke-identity-design\/wp-content\/uploads\/sites\/2\/2022\/12\/Act-Header-1280x871.webp 1280w, https:\/\/schwitzke.com\/schwitzke-identity-design\/wp-content\/uploads\/sites\/2\/2022\/12\/Act-Header-980x667.webp 980w, https:\/\/schwitzke.com\/schwitzke-identity-design\/wp-content\/uploads\/sites\/2\/2022\/12\/Act-Header-480x327.webp 480w\" sizes=\"(max-width: 768px) 100vw, (max-width: 768px) and (min-resolution: 161dpi) 200vw, (min-resolution: 161dpi) 100vw, 50vw\" decoding=\"async\" \/>\n\t\t\t\t\t            <div class=\"image__overlay\"><span>VIEW WORK<\/span><\/div>\n\t\t\t\t            <\/div>\n\t\t\t\t            <h3 class=\"teaser__title\">act | The creation of a new apparel contemporary brand<\/h3>\n\t\t\t            <\/a>\n\t\t            <\/div>\n\t\t            <div class=\"teaser teaser--tile\" style=\"display:none\" data-categories=\"56, 57, 55, 54\">\n\t\t\t            <a class=\"teaser__link\" href=\"https:\/\/schwitzke.com\/schwitzke-identity-design\/en\/projekt\/hugendubel-book-store-of-the-future\/\" aria-label=\"Hugendubel\">\n\t\t\t\t            <div class=\"teaser__image\">\n\t\t\t\t\t            <img width=\"2560\" height=\"1707\" src=\"https:\/\/schwitzke.com\/schwitzke-identity-design\/wp-content\/uploads\/sites\/2\/2022\/12\/03_Schwitzke_Hugendubel__I9A4479.webp\" class=\"attachment-xxl size-xxl\" alt=\"Bild von blauen Grafikpostern, die an der Decke der Buchhandlung Hugendubel h\u00e4ngen.\" srcset=\"https:\/\/schwitzke.com\/schwitzke-identity-design\/wp-content\/uploads\/sites\/2\/2022\/12\/03_Schwitzke_Hugendubel__I9A4479.webp 2560w, https:\/\/schwitzke.com\/schwitzke-identity-design\/wp-content\/uploads\/sites\/2\/2022\/12\/03_Schwitzke_Hugendubel__I9A4479-1280x854.webp 1280w, https:\/\/schwitzke.com\/schwitzke-identity-design\/wp-content\/uploads\/sites\/2\/2022\/12\/03_Schwitzke_Hugendubel__I9A4479-980x653.webp 980w, https:\/\/schwitzke.com\/schwitzke-identity-design\/wp-content\/uploads\/sites\/2\/2022\/12\/03_Schwitzke_Hugendubel__I9A4479-480x320.webp 480w\" sizes=\"(max-width: 768px) 100vw, (max-width: 768px) and (min-resolution: 161dpi) 200vw, (min-resolution: 161dpi) 100vw, 50vw\" decoding=\"async\" \/>\n\t\t\t\t\t            <div class=\"image__overlay\"><span>VIEW WORK<\/span><\/div>\n\t\t\t\t            <\/div>\n\t\t\t\t            <h3 class=\"teaser__title\">Hugendubel<\/h3>\n\t\t\t            <\/a>\n\t\t            <\/div>\n\t\t            <div class=\"teaser teaser--tile\" style=\"display:none\" data-categories=\"57, 53, 55, 48\">\n\t\t\t            <a class=\"teaser__link\" href=\"https:\/\/schwitzke.com\/schwitzke-identity-design\/en\/projekt\/the-green-leap-expo-2019-a-sustainable-future-for-the-retail-and-real-estate-industries\/\" aria-label=\"Green Leap Expo\">\n\t\t\t\t            <div class=\"teaser__image\">\n\t\t\t\t\t            <img width=\"2000\" height=\"1333\" src=\"https:\/\/schwitzke.com\/schwitzke-identity-design\/wp-content\/uploads\/sites\/2\/2022\/12\/Schwitzke-expo-real.webp\" class=\"attachment-xxl size-xxl\" alt=\"\" srcset=\"https:\/\/schwitzke.com\/schwitzke-identity-design\/wp-content\/uploads\/sites\/2\/2022\/12\/Schwitzke-expo-real.webp 2000w, https:\/\/schwitzke.com\/schwitzke-identity-design\/wp-content\/uploads\/sites\/2\/2022\/12\/Schwitzke-expo-real-1280x853.webp 1280w, https:\/\/schwitzke.com\/schwitzke-identity-design\/wp-content\/uploads\/sites\/2\/2022\/12\/Schwitzke-expo-real-980x653.webp 980w, https:\/\/schwitzke.com\/schwitzke-identity-design\/wp-content\/uploads\/sites\/2\/2022\/12\/Schwitzke-expo-real-480x320.webp 480w\" sizes=\"(max-width: 768px) 100vw, (max-width: 768px) and (min-resolution: 161dpi) 200vw, (min-resolution: 161dpi) 100vw, 50vw\" decoding=\"async\" \/>\n\t\t\t\t\t            <div class=\"image__overlay\"><span>VIEW WORK<\/span><\/div>\n\t\t\t\t            <\/div>\n\t\t\t\t            <h3 class=\"teaser__title\">Green Leap Expo<\/h3>\n\t\t\t            <\/a>\n\t\t            <\/div>\n\t\t            <div class=\"teaser teaser--tile\" style=\"display:none\" data-categories=\"57, 53, 60\">\n\t\t\t            <a class=\"teaser__link\" href=\"https:\/\/schwitzke.com\/schwitzke-identity-design\/en\/projekt\/trivago-development-and-implementation-of-a-wayfinding-system-for-the-trivago-headquarters-in-duesseldorf\/\" aria-label=\"Trivago\">\n\t\t\t\t            <div class=\"teaser__image\">\n\t\t\t\t\t            <img width=\"2560\" height=\"1650\" src=\"https:\/\/schwitzke.com\/schwitzke-identity-design\/wp-content\/uploads\/sites\/2\/2022\/12\/17_Schwitzke_Trivago_Headquarter_Office_Construction_I9A7771.webp\" class=\"attachment-xxl size-xxl\" alt=\"Ein Wegweiser mit den Informationen des Trivago-B\u00fcros im Inneren des Trivago-B\u00fcros.\" srcset=\"https:\/\/schwitzke.com\/schwitzke-identity-design\/wp-content\/uploads\/sites\/2\/2022\/12\/17_Schwitzke_Trivago_Headquarter_Office_Construction_I9A7771.webp 2560w, https:\/\/schwitzke.com\/schwitzke-identity-design\/wp-content\/uploads\/sites\/2\/2022\/12\/17_Schwitzke_Trivago_Headquarter_Office_Construction_I9A7771-1280x825.webp 1280w, https:\/\/schwitzke.com\/schwitzke-identity-design\/wp-content\/uploads\/sites\/2\/2022\/12\/17_Schwitzke_Trivago_Headquarter_Office_Construction_I9A7771-980x632.webp 980w, https:\/\/schwitzke.com\/schwitzke-identity-design\/wp-content\/uploads\/sites\/2\/2022\/12\/17_Schwitzke_Trivago_Headquarter_Office_Construction_I9A7771-480x309.webp 480w\" sizes=\"(max-width: 768px) 100vw, (max-width: 768px) and (min-resolution: 161dpi) 200vw, (min-resolution: 161dpi) 100vw, 50vw\" decoding=\"async\" \/>\n\t\t\t\t\t            <div class=\"image__overlay\"><span>VIEW WORK<\/span><\/div>\n\t\t\t\t            <\/div>\n\t\t\t\t            <h3 class=\"teaser__title\">Trivago<\/h3>\n\t\t\t            <\/a>\n\t\t            <\/div><\/div>\n                  \t\t\t\t<div class=\"works-overview__loadmore\">\n\t\t\t\t\t\t<a class=\"scid-link\" href=\"#\">load more<\/a>\n\t\t\t\t    <\/div>\n\t\t\t\t\t\t\t<\/div>\n\t\t\t\t\t\t<\/div>\n\t\t\t\t\t<\/div>\n\t\t\t\t<\/div>\n\t\t\t<\/div><div class=\"et_pb_module scid_contact_person scid_contact_person_0\">\n\t\t\t\t\n\t\t\t\t\n\t\t\t\t\n\t\t\t\t\n\t\t\t\t\n\t\t\t\t\n\t\t\t\t<div class=\"et_pb_module_inner\">\n\t\t\t\t\t<div class=\"module module--boxed offset-top--no offset-bottom--no\" data-aos=\"fade-in\">\n\t\t\t\t<div class=\"scid-contact-person\">\n\t\t\t\t\t<h3 class=\"contact-person__headline contact-person__headline--mobile scid-headline headline--h3\">We look forward to meeting you!<\/h3 >\n\t\t\t\t\t<div class=\"contact-person__left\">\n\t\t\t\t\t\t<h3 class=\"contact-person__headline contact-person__headline--desktop scid-headline headline--h3\">We look forward to meeting you!<\/h3>\n\t\t\t\t\t\t<div class=\"contact-person__name\"><span>Astrid Kaps<\/span><\/div>\n\t\t\t\t\t\t<div class=\"contact-person__email\"><a class=\"scid-link\" href=\"mailto:astrid.kaps@schwitzke.com\">astrid.kaps@schwitzke.com<\/a><\/div>\n\t\t\t\t\t\t<div class=\"contact-person__phone\"><a class=\"scid-link\" href=\"tel:+49 211 44035-136\">+49 211 44035-136<\/a><\/div>\n\t\t\t\t\t\t<a href=\"\" target=\"_self\" class=\"contact-person__button scid-button scid-button--primary\">CONTACT US<\/a>\n\t\t\t\t\t<\/div>\n\t\t\t\t\t<div class=\"contact-person__right\">\n\t\t\t\t\t\t<div class=\"contact-person__image\"><img decoding=\"async\" alt=\"Bild von Astrid Kaps, Unternehmensentwicklung & Unternehmenskommunikation der Schwitzke Gruppe.\" src=\"https:\/\/schwitzke.com\/schwitzke-identity-design\/wp-content\/uploads\/sites\/2\/2022\/11\/Astrid-Kaps_credit-Judith-Wagner-hq-8.webp\"\/><\/div>\n\t\t\t\t\t<\/div>\n\t\t\t\t<\/div>\n\t\t\t<\/div>\n\t\t\t\t<\/div>\n\t\t\t<\/div><\/p>\n","protected":false},"author":4,"featured_media":0,"parent":3437,"menu_order":0,"comment_status":"closed","ping_status":"closed","template":"","meta":{"_et_pb_use_builder":"on","_et_pb_old_content":"","_et_gb_content_width":"","footnotes":""},"class_list":["post-3457","page","type-page","status-publish","hentry"],"_links":{"self":[{"href":"https:\/\/schwitzke.com\/schwitzke-identity-design\/en\/wp-json\/wp\/v2\/pages\/3457","targetHints":{"allow":["GET"]}}],"collection":[{"href":"https:\/\/schwitzke.com\/schwitzke-identity-design\/en\/wp-json\/wp\/v2\/pages"}],"about":[{"href":"https:\/\/schwitzke.com\/schwitzke-identity-design\/en\/wp-json\/wp\/v2\/types\/page"}],"author":[{"embeddable":true,"href":"https:\/\/schwitzke.com\/schwitzke-identity-design\/en\/wp-json\/wp\/v2\/users\/4"}],"replies":[{"embeddable":true,"href":"https:\/\/schwitzke.com\/schwitzke-identity-design\/en\/wp-json\/wp\/v2\/comments?post=3457"}],"version-history":[{"count":0,"href":"https:\/\/schwitzke.com\/schwitzke-identity-design\/en\/wp-json\/wp\/v2\/pages\/3457\/revisions"}],"up":[{"embeddable":true,"href":"https:\/\/schwitzke.com\/schwitzke-identity-design\/en\/wp-json\/wp\/v2\/pages\/3437"}],"wp:attachment":[{"href":"https:\/\/schwitzke.com\/schwitzke-identity-design\/en\/wp-json\/wp\/v2\/media?parent=3457"}],"curies":[{"name":"wp","href":"https:\/\/api.w.org\/{rel}","templated":true}]}}