{"id":3336,"date":"2023-02-21T15:41:52","date_gmt":"2023-02-21T14:41:52","guid":{"rendered":"https:\/\/schwitzke.com\/schwitzke-identity-design\/?page_id=3336"},"modified":"2023-02-24T10:39:03","modified_gmt":"2023-02-24T09:39:03","slug":"arbeiten-produktion-und-operation","status":"publish","type":"page","link":"https:\/\/schwitzke.com\/schwitzke-identity-design\/cases\/arbeiten-produktion-und-operation\/","title":{"rendered":"Arbeiten \u2013 Produktion und Operation"},"content":{"rendered":"<p>[et_pb_section fb_built=&#8220;1&#8243; _builder_version=&#8220;4.20.0&#8243; _module_preset=&#8220;default&#8220; global_colors_info=&#8220;{}&#8220;][et_pb_row _builder_version=&#8220;4.20.0&#8243; _module_preset=&#8220;default&#8220; global_colors_info=&#8220;{}&#8220;][et_pb_column type=&#8220;4_4&#8243; _builder_version=&#8220;4.20.0&#8243; _module_preset=&#8220;default&#8220; global_colors_info=&#8220;{}&#8220;][scid_works_teaser layout=&#8220;grid&#8220; headline=&#8220;Produktion und Operation&#8220; subheadline=&#8220;Lassen Sie uns Ihre Vision in die Tat umsetzen. Wir begleiten Sie von der ersten Produktion bis zur nachhaltigen Implementierung und gerne dar\u00fcber hinaus. &#8220; categories_filter=&#8220;32&#8243; offset_top=&#8220;md&#8220; offset_bottom=&#8220;no&#8220; _builder_version=&#8220;4.20.0&#8243; _module_preset=&#8220;default&#8220; hover_enabled=&#8220;0&#8243; global_colors_info=&#8220;{}&#8220; sticky_enabled=&#8220;0&#8243;][\/scid_works_teaser][scid_contact_person contact_person=&#8220;371&#8243; headline=&#8220;Wir freuen uns auf Sie!&#8220; button_text=&#8220;KONTAKT AUFNEHMEN&#8220; button_url=&#8220;@ET-DC@eyJkeW5hbWljIjp0cnVlLCJjb250ZW50IjoicG9zdF9saW5rX3VybF9wYWdlIiwic2V0dGluZ3MiOnsicG9zdF9pZCI6IjMyMDkifX0=@&#8220; offset_bottom=&#8220;no&#8220; _builder_version=&#8220;4.20.0&#8243; _dynamic_attributes=&#8220;button_url&#8220; _module_preset=&#8220;default&#8220; global_colors_info=&#8220;{}&#8220;][\/scid_contact_person][\/et_pb_column][\/et_pb_row][\/et_pb_section]<\/p>\n","protected":false},"excerpt":{"rendered":"<p><div class=\"et_pb_module scid_works_teaser scid_works_teaser_0\">\n\t\t\t\t\n\t\t\t\t\n\t\t\t\t\n\t\t\t\t\n\t\t\t\t\n\t\t\t\t\n\t\t\t\t<div class=\"et_pb_module_inner\">\n\t\t\t\t\t\n\t\t\t\t\t<div class=\"module module--boxed offset-top--md offset-bottom--no\" data-aos=\"fade-in\">\n\t\t\t\t\t\t<div class=\"scid-works-teaser scid-works-teaser--grid\">\n\t\t\t\t\t\t\t<h1 class=\"scid-module-headline\">Produktion und Operation<\/h1>\n\t\t\t\t\t\t\t<h3 class=\"scid-module-subheadline\">Lassen Sie uns Ihre Vision in die Tat umsetzen. Wir begleiten Sie von der ersten Produktion bis zur nachhaltigen Implementierung und gerne dar\u00fcber hinaus. <\/h3>\n\t\t\t\t\t\t\t<div class=\"scid-works scid-works--grid\">\n                 \t\t\t\t<div class=\"filter__container\"><div class=\"filter__wrapper filter__wrapper--categories\"><select class=\"filter\"><option value=\"all\">Alle Kategorien<\/option><option value=\"31\" data-description=\"Wir entwickeln ganzheitliche Marketing- und Kommunikationskonzepte und helfen die richtigen Kan\u00e4le und Formate zu identifizieren und nachhaltig zu bespielen.\">Marketing und Kommunikation<\/option><option value=\"32\" data-description=\"Lassen Sie uns Ihre Vision in die Tat umsetzen. Wir begleiten Sie von der ersten Produktion bis zur nachhaltigen Implementierung und gerne dar\u00fcber hinaus.\">Produktion und Operation<\/option><option value=\"30\" data-description=\"Aufbauend auf die Strategie entwickeln wir einzigartige Designl\u00f6sungen, die die Identit\u00e4t Ihrer Marke zielsicher kommunizieren \u2013 Egal, ob wir eine Marken neu entwickeln oder sie auffrischen.\">Rebranding und Design<\/option><option value=\"29\" data-description=\"Die Strategie ist das Herzst\u00fcck unserer Arbeit. Sie ist entscheidend daf\u00fcr, dass L\u00f6sungen nicht nur heute, sondern auch in Zukunft funktionieren.\">Strategische Beratung<\/option><\/select><\/div><div class=\"filter__wrapper\"><select class=\"filter\"><option value=\"all\">Alle Sektoren<\/option><option value=\"36\">B\u00fcros<\/option><option value=\"38\">Einzelhandel<\/option><option value=\"50\">Food and Beverage<\/option><option value=\"44\">Gastronomie<\/option><option value=\"49\">Hospitality<\/option><option value=\"48\">Immobilien<\/option><option value=\"45\">Immobilien-Entwicklung<\/option><option value=\"33\">Internationale Marken<\/option><option value=\"34\">Stadt und Institution<\/option><\/select><\/div><\/div>\n                  \t\t\t\t<div class=\"works__teasers\">\n\t\t            <div class=\"teaser teaser--tile\" style=\"display:none\" data-categories=\"31, 32, 30, 29, 33\">\n\t\t\t            <a class=\"teaser__link\" href=\"https:\/\/schwitzke.com\/schwitzke-identity-design\/projekt\/oeko-tex-ein-neuer-look-fuer-eine-marke-der-man-vertraut\/\" aria-label=\"OEKO-TEX\u00ae\">\n\t\t\t\t            <div class=\"teaser__image\">\n\t\t\t\t\t            <img width=\"2560\" height=\"1708\" src=\"https:\/\/schwitzke.com\/schwitzke-identity-design\/wp-content\/uploads\/sites\/2\/2022\/12\/OEKO-TEX-header.webp\" class=\"attachment-xxl size-xxl\" alt=\"Abbildung eines grauen Textils mit OEKO-TEX\u00ae Etikett und Anh\u00e4nger.\" srcset=\"https:\/\/schwitzke.com\/schwitzke-identity-design\/wp-content\/uploads\/sites\/2\/2022\/12\/OEKO-TEX-header.webp 2560w, https:\/\/schwitzke.com\/schwitzke-identity-design\/wp-content\/uploads\/sites\/2\/2022\/12\/OEKO-TEX-header-1280x854.webp 1280w, https:\/\/schwitzke.com\/schwitzke-identity-design\/wp-content\/uploads\/sites\/2\/2022\/12\/OEKO-TEX-header-980x654.webp 980w, https:\/\/schwitzke.com\/schwitzke-identity-design\/wp-content\/uploads\/sites\/2\/2022\/12\/OEKO-TEX-header-480x320.webp 480w\" sizes=\"(max-width: 768px) 100vw, (max-width: 768px) and (min-resolution: 161dpi) 200vw, (min-resolution: 161dpi) 100vw, 50vw\" decoding=\"async\" \/>\n\t\t\t\t\t            <div class=\"image__overlay\"><span>Referenz ansehen<\/span><\/div>\n\t\t\t\t            <\/div>\n\t\t\t\t            <h3 class=\"teaser__title\">OEKO-TEX\u00ae<\/h3>\n\t\t\t            <\/a>\n\t\t            <\/div>\n\t\t            <div class=\"teaser teaser--tile\" style=\"display:none\" data-categories=\"32, 30, 29, 36, 48\">\n\t\t\t            <a class=\"teaser__link\" href=\"https:\/\/schwitzke.com\/schwitzke-identity-design\/projekt\/gridd-eine-neu-entwickelte-multi-tenant-immobilie-am-buerostandort-kennedydamm-in-duesseldorf\/\" aria-label=\"GRIDD\">\n\t\t\t\t            <div class=\"teaser__image\">\n\t\t\t\t\t            <img width=\"2560\" height=\"1707\" src=\"https:\/\/schwitzke.com\/schwitzke-identity-design\/wp-content\/uploads\/sites\/2\/2022\/12\/JK_8366-scaled.webp\" class=\"attachment-xxl size-xxl\" alt=\"Ein Bild eines zukunftsweisenden Wegeleitsystems im Eingangsbereich eines GRIDD-B\u00fcrogeb\u00e4udes.\" srcset=\"https:\/\/schwitzke.com\/schwitzke-identity-design\/wp-content\/uploads\/sites\/2\/2022\/12\/JK_8366-scaled.webp 2560w, https:\/\/schwitzke.com\/schwitzke-identity-design\/wp-content\/uploads\/sites\/2\/2022\/12\/JK_8366-1280x854.webp 1280w, https:\/\/schwitzke.com\/schwitzke-identity-design\/wp-content\/uploads\/sites\/2\/2022\/12\/JK_8366-980x653.webp 980w, https:\/\/schwitzke.com\/schwitzke-identity-design\/wp-content\/uploads\/sites\/2\/2022\/12\/JK_8366-480x320.webp 480w\" sizes=\"(max-width: 768px) 100vw, (max-width: 768px) and (min-resolution: 161dpi) 200vw, (min-resolution: 161dpi) 100vw, 50vw\" decoding=\"async\" \/>\n\t\t\t\t\t            <div class=\"image__overlay\"><span>Referenz ansehen<\/span><\/div>\n\t\t\t\t            <\/div>\n\t\t\t\t            <h3 class=\"teaser__title\">GRIDD<\/h3>\n\t\t\t            <\/a>\n\t\t            <\/div>\n\t\t            <div class=\"teaser teaser--tile\" style=\"display:none\" data-categories=\"31, 32, 30, 29, 38\">\n\t\t\t            <a class=\"teaser__link\" href=\"https:\/\/schwitzke.com\/schwitzke-identity-design\/projekt\/schleys-ein-familiengefuehrtes-gartencenter-in-ratingen-und-mettmann\/\" aria-label=\"Schley's\">\n\t\t\t\t            <div class=\"teaser__image\">\n\t\t\t\t\t            <img width=\"2560\" height=\"1707\" src=\"https:\/\/schwitzke.com\/schwitzke-identity-design\/wp-content\/uploads\/sites\/2\/2022\/12\/iStock-1188479443.webp\" class=\"attachment-xxl size-xxl\" alt=\"Bild einer Dame, die in Richtung des Plans l\u00e4chelt. Oben mit Schley&#039;s Logo. Bildnachweis von unsplash.\" srcset=\"https:\/\/schwitzke.com\/schwitzke-identity-design\/wp-content\/uploads\/sites\/2\/2022\/12\/iStock-1188479443.webp 2560w, https:\/\/schwitzke.com\/schwitzke-identity-design\/wp-content\/uploads\/sites\/2\/2022\/12\/iStock-1188479443-1280x854.webp 1280w, https:\/\/schwitzke.com\/schwitzke-identity-design\/wp-content\/uploads\/sites\/2\/2022\/12\/iStock-1188479443-980x653.webp 980w, https:\/\/schwitzke.com\/schwitzke-identity-design\/wp-content\/uploads\/sites\/2\/2022\/12\/iStock-1188479443-480x320.webp 480w\" sizes=\"(max-width: 768px) 100vw, (max-width: 768px) and (min-resolution: 161dpi) 200vw, (min-resolution: 161dpi) 100vw, 50vw\" decoding=\"async\" \/>\n\t\t\t\t\t            <div class=\"image__overlay\"><span>Referenz ansehen<\/span><\/div>\n\t\t\t\t            <\/div>\n\t\t\t\t            <h3 class=\"teaser__title\">Schley's<\/h3>\n\t\t\t            <\/a>\n\t\t            <\/div>\n\t\t            <div class=\"teaser teaser--tile\" style=\"display:none\" data-categories=\"31, 32, 30, 29, 38, 33\">\n\t\t\t            <a class=\"teaser__link\" href=\"https:\/\/schwitzke.com\/schwitzke-identity-design\/projekt\/optiker-bode-handwerkskunst-trifft-auf-modernen-lifestyle\/\" aria-label=\"Optiker Bode\">\n\t\t\t\t            <div class=\"teaser__image\">\n\t\t\t\t\t            <img width=\"2560\" height=\"1707\" src=\"https:\/\/schwitzke.com\/schwitzke-identity-design\/wp-content\/uploads\/sites\/2\/2022\/12\/MG_7999-Carolin-Ludwig-FOTOGRAFISCHE-WERKSTATT.webp\" class=\"attachment-xxl size-xxl\" alt=\"Bild von Optiker Bode interior.\" srcset=\"https:\/\/schwitzke.com\/schwitzke-identity-design\/wp-content\/uploads\/sites\/2\/2022\/12\/MG_7999-Carolin-Ludwig-FOTOGRAFISCHE-WERKSTATT.webp 2560w, https:\/\/schwitzke.com\/schwitzke-identity-design\/wp-content\/uploads\/sites\/2\/2022\/12\/MG_7999-Carolin-Ludwig-FOTOGRAFISCHE-WERKSTATT-1280x854.webp 1280w, https:\/\/schwitzke.com\/schwitzke-identity-design\/wp-content\/uploads\/sites\/2\/2022\/12\/MG_7999-Carolin-Ludwig-FOTOGRAFISCHE-WERKSTATT-980x653.webp 980w, https:\/\/schwitzke.com\/schwitzke-identity-design\/wp-content\/uploads\/sites\/2\/2022\/12\/MG_7999-Carolin-Ludwig-FOTOGRAFISCHE-WERKSTATT-480x320.webp 480w\" sizes=\"(max-width: 768px) 100vw, (max-width: 768px) and (min-resolution: 161dpi) 200vw, (min-resolution: 161dpi) 100vw, 50vw\" decoding=\"async\" \/>\n\t\t\t\t\t            <div class=\"image__overlay\"><span>Referenz ansehen<\/span><\/div>\n\t\t\t\t            <\/div>\n\t\t\t\t            <h3 class=\"teaser__title\">Optiker Bode<\/h3>\n\t\t\t            <\/a>\n\t\t            <\/div>\n\t\t            <div class=\"teaser teaser--tile\" style=\"display:none\" data-categories=\"31, 32, 30, 29, 36, 48\">\n\t\t\t            <a class=\"teaser__link\" href=\"https:\/\/schwitzke.com\/schwitzke-identity-design\/projekt\/peak-vienna-neues-immobilien-branding-mit-wohlfuehlcharakter-in-wien\/\" aria-label=\"Peak Vienna\">\n\t\t\t\t            <div class=\"teaser__image\">\n\t\t\t\t\t            <img width=\"2560\" height=\"1707\" src=\"https:\/\/schwitzke.com\/schwitzke-identity-design\/wp-content\/uploads\/sites\/2\/2022\/12\/Peak_20210318_0104_Petra-Rautenstrauch.webp\" class=\"attachment-xxl size-xxl\" alt=\"Bild von Peak Vienna interior.\" srcset=\"https:\/\/schwitzke.com\/schwitzke-identity-design\/wp-content\/uploads\/sites\/2\/2022\/12\/Peak_20210318_0104_Petra-Rautenstrauch.webp 2560w, https:\/\/schwitzke.com\/schwitzke-identity-design\/wp-content\/uploads\/sites\/2\/2022\/12\/Peak_20210318_0104_Petra-Rautenstrauch-1280x854.webp 1280w, https:\/\/schwitzke.com\/schwitzke-identity-design\/wp-content\/uploads\/sites\/2\/2022\/12\/Peak_20210318_0104_Petra-Rautenstrauch-980x653.webp 980w, https:\/\/schwitzke.com\/schwitzke-identity-design\/wp-content\/uploads\/sites\/2\/2022\/12\/Peak_20210318_0104_Petra-Rautenstrauch-480x320.webp 480w\" sizes=\"(max-width: 768px) 100vw, (max-width: 768px) and (min-resolution: 161dpi) 200vw, (min-resolution: 161dpi) 100vw, 50vw\" decoding=\"async\" \/>\n\t\t\t\t\t            <div class=\"image__overlay\"><span>Referenz ansehen<\/span><\/div>\n\t\t\t\t            <\/div>\n\t\t\t\t            <h3 class=\"teaser__title\">Peak Vienna<\/h3>\n\t\t\t            <\/a>\n\t\t            <\/div>\n\t\t            <div class=\"teaser teaser--tile\" style=\"display:none\" data-categories=\"31, 32, 30, 29, 49\">\n\t\t\t            <a class=\"teaser__link\" href=\"https:\/\/schwitzke.com\/schwitzke-identity-design\/projekt\/sander-eine-markenfamilie-fuer-lebensmittel-gastgewerbe\/\" aria-label=\"sander\">\n\t\t\t\t            <div class=\"teaser__image\">\n\t\t\t\t\t            <img width=\"2560\" height=\"1707\" src=\"https:\/\/schwitzke.com\/schwitzke-identity-design\/wp-content\/uploads\/sites\/2\/2022\/12\/40_sander-Restaurant_MyZeil_Frankfurt_Ludwig_Gastronomy_Architecture_Design_Schwitzke_9578.webp\" class=\"attachment-xxl size-xxl\" alt=\"Bild eines Kellners, der eine violette Sch\u00fcrze mit dem neuen Sander-Logo tr\u00e4gt, w\u00e4hrend er zwei Teller mit Speisen h\u00e4lt.\" srcset=\"https:\/\/schwitzke.com\/schwitzke-identity-design\/wp-content\/uploads\/sites\/2\/2022\/12\/40_sander-Restaurant_MyZeil_Frankfurt_Ludwig_Gastronomy_Architecture_Design_Schwitzke_9578.webp 2560w, https:\/\/schwitzke.com\/schwitzke-identity-design\/wp-content\/uploads\/sites\/2\/2022\/12\/40_sander-Restaurant_MyZeil_Frankfurt_Ludwig_Gastronomy_Architecture_Design_Schwitzke_9578-1280x854.webp 1280w, https:\/\/schwitzke.com\/schwitzke-identity-design\/wp-content\/uploads\/sites\/2\/2022\/12\/40_sander-Restaurant_MyZeil_Frankfurt_Ludwig_Gastronomy_Architecture_Design_Schwitzke_9578-980x653.webp 980w, https:\/\/schwitzke.com\/schwitzke-identity-design\/wp-content\/uploads\/sites\/2\/2022\/12\/40_sander-Restaurant_MyZeil_Frankfurt_Ludwig_Gastronomy_Architecture_Design_Schwitzke_9578-480x320.webp 480w\" sizes=\"(max-width: 768px) 100vw, (max-width: 768px) and (min-resolution: 161dpi) 200vw, (min-resolution: 161dpi) 100vw, 50vw\" decoding=\"async\" \/>\n\t\t\t\t\t            <div class=\"image__overlay\"><span>Referenz ansehen<\/span><\/div>\n\t\t\t\t            <\/div>\n\t\t\t\t            <h3 class=\"teaser__title\">sander<\/h3>\n\t\t\t            <\/a>\n\t\t            <\/div>\n\t\t            <div class=\"teaser teaser--tile\" style=\"display:none\" data-categories=\"31, 32, 30, 29, 38\">\n\t\t\t            <a class=\"teaser__link\" href=\"https:\/\/schwitzke.com\/schwitzke-identity-design\/projekt\/act-kreation-einer-neuen-marke\/\" aria-label=\"act\">\n\t\t\t\t            <div class=\"teaser__image\">\n\t\t\t\t\t            <img width=\"2500\" height=\"1701\" src=\"https:\/\/schwitzke.com\/schwitzke-identity-design\/wp-content\/uploads\/sites\/2\/2022\/12\/Act-Header.webp\" class=\"attachment-xxl size-xxl\" alt=\"Visitenkarte Design der Tat auf einem grauen Hintergrund.\" srcset=\"https:\/\/schwitzke.com\/schwitzke-identity-design\/wp-content\/uploads\/sites\/2\/2022\/12\/Act-Header.webp 2500w, https:\/\/schwitzke.com\/schwitzke-identity-design\/wp-content\/uploads\/sites\/2\/2022\/12\/Act-Header-1280x871.webp 1280w, https:\/\/schwitzke.com\/schwitzke-identity-design\/wp-content\/uploads\/sites\/2\/2022\/12\/Act-Header-980x667.webp 980w, https:\/\/schwitzke.com\/schwitzke-identity-design\/wp-content\/uploads\/sites\/2\/2022\/12\/Act-Header-480x327.webp 480w\" sizes=\"(max-width: 768px) 100vw, (max-width: 768px) and (min-resolution: 161dpi) 200vw, (min-resolution: 161dpi) 100vw, 50vw\" decoding=\"async\" \/>\n\t\t\t\t\t            <div class=\"image__overlay\"><span>Referenz ansehen<\/span><\/div>\n\t\t\t\t            <\/div>\n\t\t\t\t            <h3 class=\"teaser__title\">act<\/h3>\n\t\t\t            <\/a>\n\t\t            <\/div>\n\t\t            <div class=\"teaser teaser--tile\" style=\"display:none\" data-categories=\"31, 32, 29, 38\">\n\t\t\t            <a class=\"teaser__link\" href=\"https:\/\/schwitzke.com\/schwitzke-identity-design\/projekt\/hugendubel-buchladen-der-zukunft\/\" aria-label=\"Hugendubel\">\n\t\t\t\t            <div class=\"teaser__image\">\n\t\t\t\t\t            <img width=\"2560\" height=\"1707\" src=\"https:\/\/schwitzke.com\/schwitzke-identity-design\/wp-content\/uploads\/sites\/2\/2022\/12\/03_Schwitzke_Hugendubel__I9A4479.webp\" class=\"attachment-xxl size-xxl\" alt=\"Bild von blauen Grafikpostern, die an der Decke der Buchhandlung Hugendubel h\u00e4ngen.\" srcset=\"https:\/\/schwitzke.com\/schwitzke-identity-design\/wp-content\/uploads\/sites\/2\/2022\/12\/03_Schwitzke_Hugendubel__I9A4479.webp 2560w, https:\/\/schwitzke.com\/schwitzke-identity-design\/wp-content\/uploads\/sites\/2\/2022\/12\/03_Schwitzke_Hugendubel__I9A4479-1280x854.webp 1280w, https:\/\/schwitzke.com\/schwitzke-identity-design\/wp-content\/uploads\/sites\/2\/2022\/12\/03_Schwitzke_Hugendubel__I9A4479-980x653.webp 980w, https:\/\/schwitzke.com\/schwitzke-identity-design\/wp-content\/uploads\/sites\/2\/2022\/12\/03_Schwitzke_Hugendubel__I9A4479-480x320.webp 480w\" sizes=\"(max-width: 768px) 100vw, (max-width: 768px) and (min-resolution: 161dpi) 200vw, (min-resolution: 161dpi) 100vw, 50vw\" decoding=\"async\" \/>\n\t\t\t\t\t            <div class=\"image__overlay\"><span>Referenz ansehen<\/span><\/div>\n\t\t\t\t            <\/div>\n\t\t\t\t            <h3 class=\"teaser__title\">Hugendubel<\/h3>\n\t\t\t            <\/a>\n\t\t            <\/div>\n\t\t            <div class=\"teaser teaser--tile\" style=\"display:none\" data-categories=\"32, 30, 29, 48\">\n\t\t\t            <a class=\"teaser__link\" href=\"https:\/\/schwitzke.com\/schwitzke-identity-design\/projekt\/the-green-leap-expo-2019-nachhaltige-zukunft-fuer-die-handels-und-immobilienbranche\/\" aria-label=\"Green Leap Expo\">\n\t\t\t\t            <div class=\"teaser__image\">\n\t\t\t\t\t            <img width=\"2000\" height=\"1333\" src=\"https:\/\/schwitzke.com\/schwitzke-identity-design\/wp-content\/uploads\/sites\/2\/2022\/12\/Schwitzke-expo-real.webp\" class=\"attachment-xxl size-xxl\" alt=\"\" srcset=\"https:\/\/schwitzke.com\/schwitzke-identity-design\/wp-content\/uploads\/sites\/2\/2022\/12\/Schwitzke-expo-real.webp 2000w, https:\/\/schwitzke.com\/schwitzke-identity-design\/wp-content\/uploads\/sites\/2\/2022\/12\/Schwitzke-expo-real-1280x853.webp 1280w, https:\/\/schwitzke.com\/schwitzke-identity-design\/wp-content\/uploads\/sites\/2\/2022\/12\/Schwitzke-expo-real-980x653.webp 980w, https:\/\/schwitzke.com\/schwitzke-identity-design\/wp-content\/uploads\/sites\/2\/2022\/12\/Schwitzke-expo-real-480x320.webp 480w\" sizes=\"(max-width: 768px) 100vw, (max-width: 768px) and (min-resolution: 161dpi) 200vw, (min-resolution: 161dpi) 100vw, 50vw\" decoding=\"async\" \/>\n\t\t\t\t\t            <div class=\"image__overlay\"><span>Referenz ansehen<\/span><\/div>\n\t\t\t\t            <\/div>\n\t\t\t\t            <h3 class=\"teaser__title\">Green Leap Expo<\/h3>\n\t\t\t            <\/a>\n\t\t            <\/div>\n\t\t            <div class=\"teaser teaser--tile\" style=\"display:none\" data-categories=\"32, 30, 36\">\n\t\t\t            <a class=\"teaser__link\" href=\"https:\/\/schwitzke.com\/schwitzke-identity-design\/projekt\/trivago-entwicklung-und-umsetzung-eines-wegeleitsystem-fuer-den-trivago-hauptsitz-duesseldorf\/\" aria-label=\"Trivago\">\n\t\t\t\t            <div class=\"teaser__image\">\n\t\t\t\t\t            <img width=\"2560\" height=\"1650\" src=\"https:\/\/schwitzke.com\/schwitzke-identity-design\/wp-content\/uploads\/sites\/2\/2022\/12\/17_Schwitzke_Trivago_Headquarter_Office_Construction_I9A7771.webp\" class=\"attachment-xxl size-xxl\" alt=\"Ein Wegweiser mit den Informationen des Trivago-B\u00fcros im Inneren des Trivago-B\u00fcros.\" srcset=\"https:\/\/schwitzke.com\/schwitzke-identity-design\/wp-content\/uploads\/sites\/2\/2022\/12\/17_Schwitzke_Trivago_Headquarter_Office_Construction_I9A7771.webp 2560w, https:\/\/schwitzke.com\/schwitzke-identity-design\/wp-content\/uploads\/sites\/2\/2022\/12\/17_Schwitzke_Trivago_Headquarter_Office_Construction_I9A7771-1280x825.webp 1280w, https:\/\/schwitzke.com\/schwitzke-identity-design\/wp-content\/uploads\/sites\/2\/2022\/12\/17_Schwitzke_Trivago_Headquarter_Office_Construction_I9A7771-980x632.webp 980w, https:\/\/schwitzke.com\/schwitzke-identity-design\/wp-content\/uploads\/sites\/2\/2022\/12\/17_Schwitzke_Trivago_Headquarter_Office_Construction_I9A7771-480x309.webp 480w\" sizes=\"(max-width: 768px) 100vw, (max-width: 768px) and (min-resolution: 161dpi) 200vw, (min-resolution: 161dpi) 100vw, 50vw\" decoding=\"async\" \/>\n\t\t\t\t\t            <div class=\"image__overlay\"><span>Referenz ansehen<\/span><\/div>\n\t\t\t\t            <\/div>\n\t\t\t\t            <h3 class=\"teaser__title\">Trivago<\/h3>\n\t\t\t            <\/a>\n\t\t            <\/div><\/div>\n                  \t\t\t\t<div class=\"works-overview__loadmore\">\n\t\t\t\t\t\t<a class=\"scid-link\" href=\"#\">Mehr anzeigen<\/a>\n\t\t\t\t    <\/div>\n\t\t\t\t\t\t\t<\/div>\n\t\t\t\t\t\t<\/div>\n\t\t\t\t\t<\/div>\n\t\t\t\t<\/div>\n\t\t\t<\/div><div class=\"et_pb_module scid_contact_person scid_contact_person_0\">\n\t\t\t\t\n\t\t\t\t\n\t\t\t\t\n\t\t\t\t\n\t\t\t\t\n\t\t\t\t\n\t\t\t\t<div class=\"et_pb_module_inner\">\n\t\t\t\t\t<div class=\"module module--boxed offset-top--no offset-bottom--no\" data-aos=\"fade-in\">\n\t\t\t\t<div class=\"scid-contact-person\">\n\t\t\t\t\t<h3 class=\"contact-person__headline contact-person__headline--mobile scid-headline headline--h3\">Wir freuen uns auf Sie!<\/h3 >\n\t\t\t\t\t<div class=\"contact-person__left\">\n\t\t\t\t\t\t<h3 class=\"contact-person__headline contact-person__headline--desktop scid-headline headline--h3\">Wir freuen uns auf Sie!<\/h3>\n\t\t\t\t\t\t<div class=\"contact-person__name\"><span>Astrid Kaps<\/span><\/div>\n\t\t\t\t\t\t<div class=\"contact-person__email\"><a class=\"scid-link\" href=\"mailto:astrid.kaps@schwitzke.com\">astrid.kaps@schwitzke.com<\/a><\/div>\n\t\t\t\t\t\t<div class=\"contact-person__phone\"><a class=\"scid-link\" href=\"tel:+49 211 44035-136\">+49 211 44035-136<\/a><\/div>\n\t\t\t\t\t\t<a href=\"\" target=\"_self\" class=\"contact-person__button scid-button scid-button--primary\">KONTAKT AUFNEHMEN<\/a>\n\t\t\t\t\t<\/div>\n\t\t\t\t\t<div class=\"contact-person__right\">\n\t\t\t\t\t\t<div class=\"contact-person__image\"><img decoding=\"async\" alt=\"Bild von Astrid Kaps, Unternehmensentwicklung & Unternehmenskommunikation der Schwitzke Gruppe.\" src=\"https:\/\/schwitzke.com\/schwitzke-identity-design\/wp-content\/uploads\/sites\/2\/2022\/11\/Astrid-Kaps_credit-Judith-Wagner-hq-8.webp\"\/><\/div>\n\t\t\t\t\t<\/div>\n\t\t\t\t<\/div>\n\t\t\t<\/div>\n\t\t\t\t<\/div>\n\t\t\t<\/div><\/p>\n","protected":false},"author":4,"featured_media":0,"parent":3186,"menu_order":0,"comment_status":"closed","ping_status":"closed","template":"","meta":{"_et_pb_use_builder":"on","_et_pb_old_content":"","_et_gb_content_width":"","footnotes":""},"class_list":["post-3336","page","type-page","status-publish","hentry"],"_links":{"self":[{"href":"https:\/\/schwitzke.com\/schwitzke-identity-design\/wp-json\/wp\/v2\/pages\/3336","targetHints":{"allow":["GET"]}}],"collection":[{"href":"https:\/\/schwitzke.com\/schwitzke-identity-design\/wp-json\/wp\/v2\/pages"}],"about":[{"href":"https:\/\/schwitzke.com\/schwitzke-identity-design\/wp-json\/wp\/v2\/types\/page"}],"author":[{"embeddable":true,"href":"https:\/\/schwitzke.com\/schwitzke-identity-design\/wp-json\/wp\/v2\/users\/4"}],"replies":[{"embeddable":true,"href":"https:\/\/schwitzke.com\/schwitzke-identity-design\/wp-json\/wp\/v2\/comments?post=3336"}],"version-history":[{"count":1,"href":"https:\/\/schwitzke.com\/schwitzke-identity-design\/wp-json\/wp\/v2\/pages\/3336\/revisions"}],"predecessor-version":[{"id":4360,"href":"https:\/\/schwitzke.com\/schwitzke-identity-design\/wp-json\/wp\/v2\/pages\/3336\/revisions\/4360"}],"up":[{"embeddable":true,"href":"https:\/\/schwitzke.com\/schwitzke-identity-design\/wp-json\/wp\/v2\/pages\/3186"}],"wp:attachment":[{"href":"https:\/\/schwitzke.com\/schwitzke-identity-design\/wp-json\/wp\/v2\/media?parent=3336"}],"curies":[{"name":"wp","href":"https:\/\/api.w.org\/{rel}","templated":true}]}}