{"id":1553,"date":"2023-02-19T14:23:17","date_gmt":"2023-02-19T13:23:17","guid":{"rendered":"https:\/\/schwitzke.com\/schwitzke-project\/?page_id=1553"},"modified":"2023-05-13T23:53:37","modified_gmt":"2023-05-13T21:53:37","slug":"office","status":"publish","type":"page","link":"https:\/\/schwitzke.com\/schwitzke-project\/referenzen\/office\/","title":{"rendered":"Office"},"content":{"rendered":"<p>[et_pb_section fb_built=&#8220;1&#8243; _builder_version=&#8220;4.19.5&#8243; _module_preset=&#8220;default&#8220; global_colors_info=&#8220;{}&#8220; theme_builder_area=&#8220;post_content&#8220;][et_pb_row _builder_version=&#8220;4.19.5&#8243; _module_preset=&#8220;default&#8220; global_colors_info=&#8220;{}&#8220; theme_builder_area=&#8220;post_content&#8220;][et_pb_column type=&#8220;4_4&#8243; _builder_version=&#8220;4.19.5&#8243; _module_preset=&#8220;default&#8220; global_colors_info=&#8220;{}&#8220; theme_builder_area=&#8220;post_content&#8220;][sc_hero_slider_parent offset_bottom=&#8220;sm&#8220; _builder_version=&#8220;4.19.5&#8243; _module_preset=&#8220;default&#8220; hover_enabled=&#8220;0&#8243; global_colors_info=&#8220;{}&#8220; theme_builder_area=&#8220;post_content&#8220; sticky_enabled=&#8220;0&#8243;][sc_hero_slider_child _builder_version=&#8220;4.19.5&#8243; _module_preset=&#8220;default&#8220; theme_builder_area=&#8220;post_content&#8220; label=&#8220;1&#8243; title_text=&#8220;office-wipa-gelsenkirchen-schwitzke-project-03-c-001a-1&#8243; image=&#8220;https:\/\/schwitzke.com\/schwitzke-project\/wp-content\/uploads\/sites\/4\/2023\/02\/office-wipa-gelsenkirchen-schwitzke-project-03-c-001a-1.webp&#8220; title=&#8220;OFFICE:<br \/>\nWie wir Workspaces verwirklichen.&#8220; hover_enabled=&#8220;0&#8243; sticky_enabled=&#8220;0&#8243;][\/sc_hero_slider_child][sc_hero_slider_child _builder_version=&#8220;4.19.5&#8243; _module_preset=&#8220;default&#8220; theme_builder_area=&#8220;post_content&#8220; label=&#8220;2&#8243; title_text=&#8220;office-tensquare-gelsenkirchen-schwitzke-project-03-c-001b-1&#8243; image=&#8220;https:\/\/schwitzke.com\/schwitzke-project\/wp-content\/uploads\/sites\/4\/2023\/02\/office-tensquare-gelsenkirchen-schwitzke-project-03-c-001b-1.webp&#8220; title=&#8220;OFFICE:<br \/>\nWie wir Arbeitskultur neugestalten.&#8220; hover_enabled=&#8220;0&#8243; sticky_enabled=&#8220;0&#8243;][\/sc_hero_slider_child][sc_hero_slider_child _builder_version=&#8220;4.19.5&#8243; _module_preset=&#8220;default&#8220; theme_builder_area=&#8220;post_content&#8220; label=&#8220;3&#8243; title_text=&#8220;office-buero-koeln-schwitzke-project-03-c-001c-1&#8243; image=&#8220;https:\/\/schwitzke.com\/schwitzke-project\/wp-content\/uploads\/sites\/4\/2023\/02\/office-buero-koeln-schwitzke-project-03-c-001c-1.webp&#8220; title=&#8220;OFFICE:<br \/>\nWie wir New Work lebendig machen.&#8220; hover_enabled=&#8220;0&#8243; sticky_enabled=&#8220;0&#8243;][\/sc_hero_slider_child][\/sc_hero_slider_parent][sc_text offset_top=&#8220;sm&#8220; offset_bottom=&#8220;md&#8220; _builder_version=&#8220;4.19.5&#8243; _module_preset=&#8220;default&#8220; hover_enabled=&#8220;0&#8243; global_colors_info=&#8220;{}&#8220; theme_builder_area=&#8220;post_content&#8220; sticky_enabled=&#8220;0&#8243; fullwidth=&#8220;on&#8220;]<\/p>\n<p>Wo moderne B\u00fcros Arbeits- und Lebenswelten verbinden, macht Schwitzke Project aus Geb\u00e4uden und R\u00e4umen <strong>Visitenkarten Ihrer Firmenkultur.<\/strong>\u00a0Wir planen, bauen um und aus. Wir finden die L\u00f6sung in\u00a0<strong>Akustik, Licht und Technik.<\/strong>\u00a0In reibungslosen Abl\u00e4ufen. In enger Abstimmung mit Architekten und Investoren. Im laufenden Betrieb bis zur\u00a0<strong>schl\u00fcsselfertigen \u00dcbergabe.<\/strong>\u00a0Lesen Sie, was wir m\u00f6glich machen.<\/p>\n<p>[\/sc_text][sc_project_overview categories_filter=&#8220;13&#8243; _builder_version=&#8220;4.19.5&#8243; _module_preset=&#8220;default&#8220; hover_enabled=&#8220;0&#8243; global_colors_info=&#8220;{}&#8220; theme_builder_area=&#8220;post_content&#8220; sticky_enabled=&#8220;0&#8243;][\/sc_project_overview][\/et_pb_column][\/et_pb_row][\/et_pb_section]<\/p>\n","protected":false},"excerpt":{"rendered":"<p><div class=\"et_pb_module sc_hero_slider_parent sc_hero_slider_parent_0\">\n\t\t\t\t\n\t\t\t\t\n\t\t\t\t\n\t\t\t\t\n\t\t\t\t\n\t\t\t\t\n\t\t\t\t<div class=\"et_pb_module_inner\">\n\t\t\t\t\t\n\t\t\t<div class=\"module module--fullwidth offset-top--no offset-bottom--sm\" data-aos=\"fade\">\n\t\t\t\t<div class=\"sc-hero-slider-parent\" data-variant=\"normal\">\n\t\t\t\t\t<div class=\"module__content\">\n\t\t\t\t\t\t<div class=\"content__wrapper\"><\/div>\n\t\t\t\t\t\t<div class=\"slider\">\n\t\t\t\t<div class=\"slider__item slick-slide\">\n\t\t\t\t\t<div class=\"item__imagewrapper\"><img width=\"1920\" height=\"1200\" src=\"https:\/\/schwitzke.com\/schwitzke-project\/wp-content\/uploads\/sites\/4\/2023\/02\/office-wipa-gelsenkirchen-schwitzke-project-03-c-001a-1.webp\" class=\"slider__image\" alt=\"\" srcset=\"https:\/\/schwitzke.com\/schwitzke-project\/wp-content\/uploads\/sites\/4\/2023\/02\/office-wipa-gelsenkirchen-schwitzke-project-03-c-001a-1.webp 1920w, https:\/\/schwitzke.com\/schwitzke-project\/wp-content\/uploads\/sites\/4\/2023\/02\/office-wipa-gelsenkirchen-schwitzke-project-03-c-001a-1-1280x800.webp 1280w, https:\/\/schwitzke.com\/schwitzke-project\/wp-content\/uploads\/sites\/4\/2023\/02\/office-wipa-gelsenkirchen-schwitzke-project-03-c-001a-1-980x613.webp 980w, https:\/\/schwitzke.com\/schwitzke-project\/wp-content\/uploads\/sites\/4\/2023\/02\/office-wipa-gelsenkirchen-schwitzke-project-03-c-001a-1-480x300.webp 480w\" sizes=\"(min-width: 0px) and (max-width: 480px) 480px, (min-width: 481px) and (max-width: 980px) 980px, (min-width: 981px) and (max-width: 1280px) 1280px, (min-width: 1281px) 1920px, 100vw\" decoding=\"async\" \/><\/div>\n\t\t\t\t\t<div class=\"item__content\">\n\t\t\t\t<h1 class=\"item__title\">OFFICE: Wie wir Workspaces verwirklichen.<\/h1><\/div>\n\t\t\t\t<\/div>\n\t\t\t\t<div class=\"slider__item slick-slide\">\n\t\t\t\t\t<div class=\"item__imagewrapper\"><img width=\"1920\" height=\"1200\" src=\"https:\/\/schwitzke.com\/schwitzke-project\/wp-content\/uploads\/sites\/4\/2023\/02\/office-tensquare-gelsenkirchen-schwitzke-project-03-c-001b-1.webp\" class=\"slider__image\" alt=\"\" srcset=\"https:\/\/schwitzke.com\/schwitzke-project\/wp-content\/uploads\/sites\/4\/2023\/02\/office-tensquare-gelsenkirchen-schwitzke-project-03-c-001b-1.webp 1920w, https:\/\/schwitzke.com\/schwitzke-project\/wp-content\/uploads\/sites\/4\/2023\/02\/office-tensquare-gelsenkirchen-schwitzke-project-03-c-001b-1-1280x800.webp 1280w, https:\/\/schwitzke.com\/schwitzke-project\/wp-content\/uploads\/sites\/4\/2023\/02\/office-tensquare-gelsenkirchen-schwitzke-project-03-c-001b-1-980x613.webp 980w, https:\/\/schwitzke.com\/schwitzke-project\/wp-content\/uploads\/sites\/4\/2023\/02\/office-tensquare-gelsenkirchen-schwitzke-project-03-c-001b-1-480x300.webp 480w\" sizes=\"(min-width: 0px) and (max-width: 480px) 480px, (min-width: 481px) and (max-width: 980px) 980px, (min-width: 981px) and (max-width: 1280px) 1280px, (min-width: 1281px) 1920px, 100vw\" decoding=\"async\" \/><\/div>\n\t\t\t\t\t<div class=\"item__content\">\n\t\t\t\t<h2 class=\"item__title\">OFFICE: Wie wir Arbeitskultur neugestalten.<\/h2><\/div>\n\t\t\t\t<\/div>\n\t\t\t\t<div class=\"slider__item slick-slide\">\n\t\t\t\t\t<div class=\"item__imagewrapper\"><img width=\"1920\" height=\"1200\" src=\"https:\/\/schwitzke.com\/schwitzke-project\/wp-content\/uploads\/sites\/4\/2023\/02\/office-buero-koeln-schwitzke-project-03-c-001c-1.webp\" class=\"slider__image\" alt=\"\" srcset=\"https:\/\/schwitzke.com\/schwitzke-project\/wp-content\/uploads\/sites\/4\/2023\/02\/office-buero-koeln-schwitzke-project-03-c-001c-1.webp 1920w, https:\/\/schwitzke.com\/schwitzke-project\/wp-content\/uploads\/sites\/4\/2023\/02\/office-buero-koeln-schwitzke-project-03-c-001c-1-1280x800.webp 1280w, https:\/\/schwitzke.com\/schwitzke-project\/wp-content\/uploads\/sites\/4\/2023\/02\/office-buero-koeln-schwitzke-project-03-c-001c-1-980x613.webp 980w, https:\/\/schwitzke.com\/schwitzke-project\/wp-content\/uploads\/sites\/4\/2023\/02\/office-buero-koeln-schwitzke-project-03-c-001c-1-480x300.webp 480w\" sizes=\"(min-width: 0px) and (max-width: 480px) 480px, (min-width: 481px) and (max-width: 980px) 980px, (min-width: 981px) and (max-width: 1280px) 1280px, (min-width: 1281px) 1920px, 100vw\" decoding=\"async\" \/><\/div>\n\t\t\t\t\t<div class=\"item__content\">\n\t\t\t\t<h2 class=\"item__title\">OFFICE: Wie wir New Work lebendig machen.<\/h2><\/div>\n\t\t\t\t<\/div><\/div>\n\t\t\t\t\t<\/div>\n\t\t\t\t<\/div>\n\t\t\t<\/div>\n\t\t\t\t<\/div>\n\t\t\t<\/div><div class=\"et_pb_module sc_text sc_text_0\">\n\t\t\t\t\n\t\t\t\t\n\t\t\t\t\n\t\t\t\t\n\t\t\t\t\n\t\t\t\t\n\t\t\t\t<div class=\"et_pb_module_inner\">\n\t\t\t\t\t\n\t\t\t<div class=\"module module--boxed offset-top--&#8220;sm&#8220; offset-bottom--&#8220;md&#8220;\" data-aos=\"fade-in\">\n\t\t\t\t<div class=\"sc-text sc-text--indented\">\n\t\t\t\t\t<div class=\"module__content\"><\/div>\n\t\t\t\t<\/div>\n\t\t\t<\/div>\n\t\t\t\t<\/div>\n\t\t\t<\/div><\/p>\n","protected":false},"author":4,"featured_media":1015,"parent":24,"menu_order":0,"comment_status":"closed","ping_status":"closed","template":"","meta":{"_et_pb_use_builder":"on","_et_pb_old_content":"","_et_gb_content_width":"","footnotes":""},"class_list":["post-1553","page","type-page","status-publish","has-post-thumbnail","hentry"],"_links":{"self":[{"href":"https:\/\/schwitzke.com\/schwitzke-project\/wp-json\/wp\/v2\/pages\/1553","targetHints":{"allow":["GET"]}}],"collection":[{"href":"https:\/\/schwitzke.com\/schwitzke-project\/wp-json\/wp\/v2\/pages"}],"about":[{"href":"https:\/\/schwitzke.com\/schwitzke-project\/wp-json\/wp\/v2\/types\/page"}],"author":[{"embeddable":true,"href":"https:\/\/schwitzke.com\/schwitzke-project\/wp-json\/wp\/v2\/users\/4"}],"replies":[{"embeddable":true,"href":"https:\/\/schwitzke.com\/schwitzke-project\/wp-json\/wp\/v2\/comments?post=1553"}],"version-history":[{"count":0,"href":"https:\/\/schwitzke.com\/schwitzke-project\/wp-json\/wp\/v2\/pages\/1553\/revisions"}],"up":[{"embeddable":true,"href":"https:\/\/schwitzke.com\/schwitzke-project\/wp-json\/wp\/v2\/pages\/24"}],"wp:featuredmedia":[{"embeddable":true,"href":"https:\/\/schwitzke.com\/schwitzke-project\/wp-json\/wp\/v2\/media\/1015"}],"wp:attachment":[{"href":"https:\/\/schwitzke.com\/schwitzke-project\/wp-json\/wp\/v2\/media?parent=1553"}],"curies":[{"name":"wp","href":"https:\/\/api.w.org\/{rel}","templated":true}]}}