{"id":22,"date":"2023-01-24T17:28:36","date_gmt":"2023-01-24T16:28:36","guid":{"rendered":"https:\/\/schwitzke.com\/schwitzke-project\/?page_id=22"},"modified":"2026-04-08T14:36:18","modified_gmt":"2026-04-08T12:36:18","slug":"leistungen","status":"publish","type":"page","link":"https:\/\/schwitzke.com\/schwitzke-project\/leistungen\/","title":{"rendered":"Leistungen"},"content":{"rendered":"<p>[et_pb_section fb_built=&#8220;1&#8243; _builder_version=&#8220;4.19.4&#8243; _module_preset=&#8220;default&#8220; global_colors_info=&#8220;{}&#8220;][et_pb_row _builder_version=&#8220;4.19.4&#8243; _module_preset=&#8220;default&#8220; global_colors_info=&#8220;{}&#8220;][et_pb_column type=&#8220;4_4&#8243; _builder_version=&#8220;4.19.4&#8243; _module_preset=&#8220;default&#8220; global_colors_info=&#8220;{}&#8220;][sc_hero_slider_parent offset_bottom=&#8220;md&#8220; _builder_version=&#8220;4.19.4&#8243; _module_preset=&#8220;default&#8220; global_colors_info=&#8220;{}&#8220;][sc_hero_slider_child label=&#8220;Bauvorhaben&#8220; image=&#8220;https:\/\/schwitzke.com\/schwitzke-project\/wp-content\/uploads\/sites\/4\/2023\/01\/schwitzke-project-revitalisierung-turnkey-solutions-02-1.webp&#8220; title=&#8220;Wir f\u00fchren:<br \/>\nkomplexe Bauvorhaben zum Erfolg.&#8220; _builder_version=&#8220;4.19.4&#8243; _module_preset=&#8220;default&#8220; global_colors_info=&#8220;{}&#8220;][\/sc_hero_slider_child][sc_hero_slider_child label=&#8220;L\u00f6sung&#8220; image=&#8220;https:\/\/schwitzke.com\/schwitzke-project\/wp-content\/uploads\/sites\/4\/2023\/01\/schwitzke-project-construction-schluesselfertige-loesungen-02-2.webp&#8220; title=&#8220;Wir finden:<br \/>\nkreativ und konstruktiv zur L\u00f6sung.&#8220; _builder_version=&#8220;4.19.4&#8243; _module_preset=&#8220;default&#8220; global_colors_info=&#8220;{}&#8220;][\/sc_hero_slider_child][sc_hero_slider_child label=&#8220;Gesamtverantwortung&#8220; image=&#8220;https:\/\/schwitzke.com\/schwitzke-project\/wp-content\/uploads\/sites\/4\/2023\/01\/schwitzke-project-turnkey-solutions-baumanagement-02-3.webp&#8220; title=&#8220;Wir \u00fcbernehmen:<br \/>\ndie Gesamtverantwortung.&#8220; _builder_version=&#8220;4.19.4&#8243; _module_preset=&#8220;default&#8220; global_colors_info=&#8220;{}&#8220;][\/sc_hero_slider_child][\/sc_hero_slider_parent][sc_text fullwidth=&#8220;on&#8220; offset_top=&#8220;sm&#8220; offset_bottom=&#8220;sm&#8220; _builder_version=&#8220;4.27.6&#8243; _module_preset=&#8220;default&#8220; hover_enabled=&#8220;0&#8243; global_colors_info=&#8220;{}&#8220; sticky_enabled=&#8220;0&#8243;]<\/p>\n<p style=\"text-align: justify\">Als erfahrener <strong>General\u00fcbernehmer<\/strong> steht Schwitzke Project f\u00fcr ein breites Leistungsspektrum. So\u00a0<strong>herausfordernd<\/strong>\u00a0Ihre Bauaufgabe ist: Wir finden die L\u00f6sung, entwickeln den Plan und f\u00fchren alle Prozesse\u00a0<strong>konsequent zum Ziel.<\/strong>\u00a0Informieren Sie sich n\u00e4her \u00fcber unser Portfolio.<\/p>\n<p>[\/sc_text][sc_headline headline=&#8220;Unsere Leistungen: Skalierbar in Breite und Tiefe.&#8220; offset_top=&#8220;sm&#8220; offset_bottom=&#8220;xs&#8220; _builder_version=&#8220;4.19.5&#8243; _module_preset=&#8220;default&#8220; global_colors_info=&#8220;{}&#8220;][\/sc_headline][sc_text fullwidth=&#8220;on&#8220; offset_top=&#8220;xs&#8220; offset_bottom=&#8220;sm&#8220; _builder_version=&#8220;4.27.6&#8243; _module_preset=&#8220;default&#8220; hover_enabled=&#8220;0&#8243; global_colors_info=&#8220;{}&#8220; sticky_enabled=&#8220;0&#8243;]<\/p>\n<p style=\"text-align: justify\">Wie weit sollen wir f\u00fcr Sie in die Verantwortung gehen? Unser Portfolio deckt alle Leistungen in der\u00a0<strong>Vorplanung und Bauphase<\/strong>\u00a0ab. Es beinhaltet\u00a0<strong>alle Gewerke:<\/strong>\u00a0Technik und Ausbau, Fachingenieurleistungen, Au\u00dfenarbeiten, Geb\u00e4udeh\u00fclle, Roh- und Stahlbau, Einbauten und M\u00f6blierung. Wir werden Ihr General- oder Total\u00fcbernehmer:\u00a0<strong>Sie entscheiden.<\/strong><\/p>\n<p>Unsere Leistungen im \u00dcberblick:<\/p>\n<p>[\/sc_text][sc_services_parent offset_bottom=&#8220;md&#8220; _builder_version=&#8220;4.19.5&#8243; _module_preset=&#8220;default&#8220; global_colors_info=&#8220;{}&#8220;][sc_services_child title=&#8220;Vorplanung&#8220; _builder_version=&#8220;4.19.5&#8243; _module_preset=&#8220;default&#8220; global_colors_info=&#8220;{}&#8220;]<\/p>\n<p>Wir leisten u.a.:<\/p>\n<ul>\n<li>Standortbewertung<\/li>\n<li>Bestandserfassung<\/li>\n<li>Machbarkeitsstudie<\/li>\n<li>Risikoanalyse<\/li>\n<li>Projektablaufplanung<\/li>\n<li>Untersuchung verschiedener Varianten<\/li>\n<li>Evaluation erforderlicher Leistungen<\/li>\n<li>Value Engineering<\/li>\n<li>Projektbudgetermittlung<\/li>\n<\/ul>\n<p>[\/sc_services_child][sc_services_child title=&#8220;Projektvorbereitung&#8220; _builder_version=&#8220;4.19.5&#8243; _module_preset=&#8220;default&#8220; global_colors_info=&#8220;{}&#8220;]<\/p>\n<p>Wir leisten u.a.:<\/p>\n<ul>\n<li>genaue Kostenkalkulation<\/li>\n<li>Projektorganisation<\/li>\n<li>Ausarbeitung Bauzeitenplan<\/li>\n<li>Einbeziehung Fachingenieure<\/li>\n<li>beh\u00f6rdliche Abstimmungen<\/li>\n<li>Werk- und Montageplanung<\/li>\n<li>Baustellenlogistik<\/li>\n<li>Bemusterungen<\/li>\n<li>Baustellenvorbereitung<\/li>\n<\/ul>\n<p>[\/sc_services_child][sc_services_child title=&#8220;Umsetzung&#8220; _builder_version=&#8220;4.19.5&#8243; _module_preset=&#8220;default&#8220; global_colors_info=&#8220;{}&#8220;]<\/p>\n<p>Wir leisten u.a.:<\/p>\n<ul>\n<li>Rohbauarbeiten und Geb\u00e4udeh\u00fclle<\/li>\n<li>alle Ausbaugewerke<\/li>\n<li>technische Gewerke (HKLS, ELT, etc.)<\/li>\n<li>Abstimmungen mit Beh\u00f6rden<\/li>\n<li>Schnittstellensteuerung (Vermieter, etc.)<\/li>\n<li>Bau- und Projektleitung<\/li>\n<li>Qualit\u00e4ts- und Zeitkontrolle<\/li>\n<li>Baustellen-Reporting<\/li>\n<li>Projektdokumentation<\/li>\n<\/ul>\n<p>[\/sc_services_child][\/sc_services_parent][sc_headline headline=&#8220;Kompetenz in Modellen und Methoden.&#8220; offset_bottom=&#8220;xs&#8220; _builder_version=&#8220;4.19.5&#8243; _module_preset=&#8220;default&#8220; global_colors_info=&#8220;{}&#8220;][\/sc_headline][sc_text fullwidth=&#8220;on&#8220; offset_bottom=&#8220;sm&#8220; _builder_version=&#8220;4.24.0&#8243; _module_preset=&#8220;default&#8220; global_colors_info=&#8220;{}&#8220;]<\/p>\n<p>Beweglichkeit geh\u00f6rt zum Prinzip von Schwitzke Project. Flexibel stellen wir uns auf Ihre Vorgaben und Arbeitsweisen ein. Sie erwarten ein\u00a0<strong>Open-Book-Verfahren?<\/strong>\u00a0Wir machen alle Kosten und Leistungen transparent. Sie m\u00f6chten Zeit und Kosten optimieren? Im\u00a0<strong>Value Engineering<\/strong>\u00a0zeigen wir Ihnen Wege auf. Sie wollen schneller zum Ziel kommen? Mit den Methoden des\u00a0<a href=\"\/schwitzke-project\/ueber-uns\/#lean-construction-management\">Lean Construction Management<\/a>\u00a0beschleunigen wir den Bauprozess.<\/p>\n<p>[\/sc_text][sc_headline headline=&#8220;Leistungsbeweise: Erfahren Sie mehr \u00fcber unsere Projekte.&#8220; offset_top=&#8220;sm&#8220; offset_bottom=&#8220;xs&#8220; _builder_version=&#8220;4.19.5&#8243; _module_preset=&#8220;default&#8220; global_colors_info=&#8220;{}&#8220;][\/sc_headline][sc_project_overview variant=&#8220;selected&#8220; works=&#8220;off|off|off|off|off|off|on|off|off|off|off|off|off|off|off|off|off|off|off|off|off|on|off|on|on|off&#8220; offset_bottom=&#8220;md&#8220; _builder_version=&#8220;4.22.2&#8243; _module_preset=&#8220;default&#8220; global_colors_info=&#8220;{}&#8220;][\/sc_project_overview][\/et_pb_column][\/et_pb_row][\/et_pb_section]<\/p>\n","protected":false},"excerpt":{"rendered":"<p><div class=\"et_pb_module sc_hero_slider_parent sc_hero_slider_parent_0\">\n\t\t\t\t\n\t\t\t\t\n\t\t\t\t\n\t\t\t\t\n\t\t\t\t\n\t\t\t\t\n\t\t\t\t<div class=\"et_pb_module_inner\">\n\t\t\t\t\t\n\t\t\t<div class=\"module module--fullwidth offset-top--no offset-bottom--md\" data-aos=\"fade\">\n\t\t\t\t<div class=\"sc-hero-slider-parent\" data-variant=\"normal\">\n\t\t\t\t\t<div class=\"module__content\">\n\t\t\t\t\t\t<div class=\"content__wrapper\"><\/div>\n\t\t\t\t\t\t<div class=\"slider\">\n\t\t\t\t<div class=\"slider__item slick-slide\">\n\t\t\t\t\t<div class=\"item__imagewrapper\"><img width=\"1920\" height=\"1200\" src=\"https:\/\/schwitzke.com\/schwitzke-project\/wp-content\/uploads\/sites\/4\/2023\/01\/schwitzke-project-revitalisierung-turnkey-solutions-02-1.webp\" class=\"slider__image\" alt=\"\" srcset=\"https:\/\/schwitzke.com\/schwitzke-project\/wp-content\/uploads\/sites\/4\/2023\/01\/schwitzke-project-revitalisierung-turnkey-solutions-02-1.webp 1920w, https:\/\/schwitzke.com\/schwitzke-project\/wp-content\/uploads\/sites\/4\/2023\/01\/schwitzke-project-revitalisierung-turnkey-solutions-02-1-1280x800.webp 1280w, https:\/\/schwitzke.com\/schwitzke-project\/wp-content\/uploads\/sites\/4\/2023\/01\/schwitzke-project-revitalisierung-turnkey-solutions-02-1-980x613.webp 980w, https:\/\/schwitzke.com\/schwitzke-project\/wp-content\/uploads\/sites\/4\/2023\/01\/schwitzke-project-revitalisierung-turnkey-solutions-02-1-480x300.webp 480w\" sizes=\"(min-width: 0px) and (max-width: 480px) 480px, (min-width: 481px) and (max-width: 980px) 980px, (min-width: 981px) and (max-width: 1280px) 1280px, (min-width: 1281px) 1920px, 100vw\" decoding=\"async\" \/><\/div>\n\t\t\t\t\t<div class=\"item__content\">\n\t\t\t\t<h1 class=\"item__title\">Wir f\u00fchren: komplexe Bauvorhaben zum Erfolg.<\/h1><\/div>\n\t\t\t\t<\/div>\n\t\t\t\t<div class=\"slider__item slick-slide\">\n\t\t\t\t\t<div class=\"item__imagewrapper\"><img width=\"1920\" height=\"1200\" src=\"https:\/\/schwitzke.com\/schwitzke-project\/wp-content\/uploads\/sites\/4\/2023\/01\/schwitzke-project-construction-schluesselfertige-loesungen-02-2.webp\" class=\"slider__image\" alt=\"\" srcset=\"https:\/\/schwitzke.com\/schwitzke-project\/wp-content\/uploads\/sites\/4\/2023\/01\/schwitzke-project-construction-schluesselfertige-loesungen-02-2.webp 1920w, https:\/\/schwitzke.com\/schwitzke-project\/wp-content\/uploads\/sites\/4\/2023\/01\/schwitzke-project-construction-schluesselfertige-loesungen-02-2-1280x800.webp 1280w, https:\/\/schwitzke.com\/schwitzke-project\/wp-content\/uploads\/sites\/4\/2023\/01\/schwitzke-project-construction-schluesselfertige-loesungen-02-2-980x613.webp 980w, https:\/\/schwitzke.com\/schwitzke-project\/wp-content\/uploads\/sites\/4\/2023\/01\/schwitzke-project-construction-schluesselfertige-loesungen-02-2-480x300.webp 480w\" sizes=\"(min-width: 0px) and (max-width: 480px) 480px, (min-width: 481px) and (max-width: 980px) 980px, (min-width: 981px) and (max-width: 1280px) 1280px, (min-width: 1281px) 1920px, 100vw\" decoding=\"async\" \/><\/div>\n\t\t\t\t\t<div class=\"item__content\">\n\t\t\t\t<h2 class=\"item__title\">Wir finden: kreativ und konstruktiv zur L\u00f6sung.<\/h2><\/div>\n\t\t\t\t<\/div>\n\t\t\t\t<div class=\"slider__item slick-slide\">\n\t\t\t\t\t<div class=\"item__imagewrapper\"><img width=\"1920\" height=\"1200\" src=\"https:\/\/schwitzke.com\/schwitzke-project\/wp-content\/uploads\/sites\/4\/2023\/01\/schwitzke-project-turnkey-solutions-baumanagement-02-3.webp\" class=\"slider__image\" alt=\"\" srcset=\"https:\/\/schwitzke.com\/schwitzke-project\/wp-content\/uploads\/sites\/4\/2023\/01\/schwitzke-project-turnkey-solutions-baumanagement-02-3.webp 1920w, https:\/\/schwitzke.com\/schwitzke-project\/wp-content\/uploads\/sites\/4\/2023\/01\/schwitzke-project-turnkey-solutions-baumanagement-02-3-1280x800.webp 1280w, https:\/\/schwitzke.com\/schwitzke-project\/wp-content\/uploads\/sites\/4\/2023\/01\/schwitzke-project-turnkey-solutions-baumanagement-02-3-980x613.webp 980w, https:\/\/schwitzke.com\/schwitzke-project\/wp-content\/uploads\/sites\/4\/2023\/01\/schwitzke-project-turnkey-solutions-baumanagement-02-3-480x300.webp 480w\" sizes=\"(min-width: 0px) and (max-width: 480px) 480px, (min-width: 481px) and (max-width: 980px) 980px, (min-width: 981px) and (max-width: 1280px) 1280px, (min-width: 1281px) 1920px, 100vw\" decoding=\"async\" \/><\/div>\n\t\t\t\t\t<div class=\"item__content\">\n\t\t\t\t<h2 class=\"item__title\">Wir \u00fcbernehmen: die Gesamtverantwortung.<\/h2><\/div>\n\t\t\t\t<\/div><\/div>\n\t\t\t\t\t<\/div>\n\t\t\t\t<\/div>\n\t\t\t<\/div>\n\t\t\t\t<\/div>\n\t\t\t<\/div><div class=\"et_pb_module sc_text sc_text_0\">\n\t\t\t\t\n\t\t\t\t\n\t\t\t\t\n\t\t\t\t\n\t\t\t\t\n\t\t\t\t\n\t\t\t\t<div class=\"et_pb_module_inner\">\n\t\t\t\t\t\n\t\t\t<div class=\"module module--boxed offset-top--sm offset-bottom--sm\" data-aos=\"fade-in\">\n\t\t\t\t<div class=\"sc-text sc-text--fullwidth\">\n\t\t\t\t\t<div class=\"module__content\"><\/div>\n\t\t\t\t<\/div>\n\t\t\t<\/div>\n\t\t\t\t<\/div>\n\t\t\t<\/div>Als erfahrener General\u00fcbernehmer steht Schwitzke Project f\u00fcr ein breites Leistungsspektrum. So\u00a0herausfordernd\u00a0Ihre [&hellip;]<\/p>\n","protected":false},"author":1,"featured_media":0,"parent":0,"menu_order":0,"comment_status":"closed","ping_status":"closed","template":"","meta":{"_et_pb_use_builder":"on","_et_pb_old_content":"<!-- wp:divi\/placeholder \/-->","_et_gb_content_width":"","footnotes":""},"class_list":["post-22","page","type-page","status-publish","hentry"],"_links":{"self":[{"href":"https:\/\/schwitzke.com\/schwitzke-project\/wp-json\/wp\/v2\/pages\/22","targetHints":{"allow":["GET"]}}],"collection":[{"href":"https:\/\/schwitzke.com\/schwitzke-project\/wp-json\/wp\/v2\/pages"}],"about":[{"href":"https:\/\/schwitzke.com\/schwitzke-project\/wp-json\/wp\/v2\/types\/page"}],"author":[{"embeddable":true,"href":"https:\/\/schwitzke.com\/schwitzke-project\/wp-json\/wp\/v2\/users\/1"}],"replies":[{"embeddable":true,"href":"https:\/\/schwitzke.com\/schwitzke-project\/wp-json\/wp\/v2\/comments?post=22"}],"version-history":[{"count":4,"href":"https:\/\/schwitzke.com\/schwitzke-project\/wp-json\/wp\/v2\/pages\/22\/revisions"}],"predecessor-version":[{"id":2899,"href":"https:\/\/schwitzke.com\/schwitzke-project\/wp-json\/wp\/v2\/pages\/22\/revisions\/2899"}],"wp:attachment":[{"href":"https:\/\/schwitzke.com\/schwitzke-project\/wp-json\/wp\/v2\/media?parent=22"}],"curies":[{"name":"wp","href":"https:\/\/api.w.org\/{rel}","templated":true}]}}