{"id":263,"date":"2026-02-06T16:09:01","date_gmt":"2026-02-06T16:09:01","guid":{"rendered":"https:\/\/SchwitzkeFrance:8890\/?page_id=2"},"modified":"2026-03-04T17:46:54","modified_gmt":"2026-03-04T16:46:54","slug":"sample-page","status":"publish","type":"page","link":"https:\/\/schwitzke.com\/schwitzkebayegui\/","title":{"rendered":"Home"},"content":{"rendered":"\n    <div  class=\"mn-banner mn-module mn-module--fullwidth orientation--centered  offset-top--none offset-bottom--md\" style=\"\">\n        <div class=\"module__inner\">\n            <div class=\"swiper mn-banner-swiper\" id=\"mn-banner-swiper-1\" data-autoplay=\"1\" data-delay=\"4500\">\n                <div class=\"swiper-wrapper\">\n                    <div class=\"swiper-slide\"><div class=\"banner__background\"><div class=\"mn-responsive-media\" data-desktop-type=\"image\" data-desktop-src=\"https:\/\/schwitzke.com\/schwitzkebayegui\/wp-content\/uploads\/sites\/6\/2026\/02\/DSC09021-1.webp\" data-tablet-type=\"image\" data-tablet-src=\"https:\/\/schwitzke.com\/schwitzkebayegui\/wp-content\/uploads\/sites\/6\/2026\/02\/DSC09021-1.webp\" data-mobile-type=\"image\" data-mobile-src=\"https:\/\/schwitzke.com\/schwitzkebayegui\/wp-content\/uploads\/sites\/6\/2026\/02\/DSC09021-1.webp\" data-desktop-x=\"50\" data-desktop-y=\"50\" data-desktop-object-fit=\"cover\" data-tablet-x=\"50\" data-tablet-y=\"50\" data-tablet-object-fit=\"cover\" data-mobile-x=\"50\" data-mobile-y=\"50\" data-mobile-object-fit=\"cover\" style=\"--x-desktop:50%;\n--y-desktop:50%;\n--object-fit-desktop:cover;\n--x-tablet:50%;\n--y-tablet:50%;\n--object-fit-tablet:cover;\n--x-mobile:50%;\n--y-mobile:50%;\n--object-fit-mobile:cover;\"><img decoding=\"async\" class=\"responsive-media__image\" src=\"https:\/\/schwitzke.com\/schwitzkebayegui\/wp-content\/uploads\/sites\/6\/2026\/02\/DSC09021-1.webp\" alt=\"\" loading=\"lazy\" draggable=\"false\"\/><\/div><\/div><\/div><div class=\"swiper-slide\"><div class=\"banner__background\"><div class=\"mn-responsive-media\" data-desktop-type=\"image\" data-desktop-src=\"https:\/\/schwitzke.com\/schwitzkebayegui\/wp-content\/uploads\/sites\/6\/2026\/02\/DSC09049-1.webp\" data-tablet-type=\"image\" data-tablet-src=\"https:\/\/schwitzke.com\/schwitzkebayegui\/wp-content\/uploads\/sites\/6\/2026\/02\/DSC09049-1.webp\" data-mobile-type=\"image\" data-mobile-src=\"https:\/\/schwitzke.com\/schwitzkebayegui\/wp-content\/uploads\/sites\/6\/2026\/02\/DSC09049-1.webp\" data-desktop-x=\"50\" data-desktop-y=\"50\" data-desktop-object-fit=\"cover\" data-tablet-x=\"50\" data-tablet-y=\"50\" data-tablet-object-fit=\"cover\" data-mobile-x=\"50\" data-mobile-y=\"50\" data-mobile-object-fit=\"cover\" style=\"--x-desktop:50%;\n--y-desktop:50%;\n--object-fit-desktop:cover;\n--x-tablet:50%;\n--y-tablet:50%;\n--object-fit-tablet:cover;\n--x-mobile:50%;\n--y-mobile:50%;\n--object-fit-mobile:cover;\"><img decoding=\"async\" class=\"responsive-media__image\" src=\"https:\/\/schwitzke.com\/schwitzkebayegui\/wp-content\/uploads\/sites\/6\/2026\/02\/DSC09049-1.webp\" alt=\"\" loading=\"lazy\" draggable=\"false\"\/><\/div><\/div><\/div><div class=\"swiper-slide\"><div class=\"banner__background\"><div class=\"mn-responsive-media\" data-desktop-type=\"image\" data-desktop-src=\"https:\/\/schwitzke.com\/schwitzkebayegui\/wp-content\/uploads\/sites\/6\/2026\/02\/DSC09055-1.webp\" data-tablet-type=\"image\" data-tablet-src=\"https:\/\/schwitzke.com\/schwitzkebayegui\/wp-content\/uploads\/sites\/6\/2026\/02\/DSC09055-1.webp\" data-mobile-type=\"image\" data-mobile-src=\"https:\/\/schwitzke.com\/schwitzkebayegui\/wp-content\/uploads\/sites\/6\/2026\/02\/DSC09055-1.webp\" data-desktop-x=\"50\" data-desktop-y=\"50\" data-desktop-object-fit=\"cover\" data-tablet-x=\"50\" data-tablet-y=\"50\" data-tablet-object-fit=\"cover\" data-mobile-x=\"50\" data-mobile-y=\"50\" data-mobile-object-fit=\"cover\" style=\"--x-desktop:50%;\n--y-desktop:50%;\n--object-fit-desktop:cover;\n--x-tablet:50%;\n--y-tablet:50%;\n--object-fit-tablet:cover;\n--x-mobile:50%;\n--y-mobile:50%;\n--object-fit-mobile:cover;\"><img decoding=\"async\" class=\"responsive-media__image\" src=\"https:\/\/schwitzke.com\/schwitzkebayegui\/wp-content\/uploads\/sites\/6\/2026\/02\/DSC09055-1.webp\" alt=\"\" loading=\"lazy\" draggable=\"false\"\/><\/div><\/div><\/div>\n                <\/div>\n            <\/div>\n            <div class=\"module-content--boxed\">\n                <div class=\"banner__content\"><h2 class=\"banner__headline\" data-aos=\"fade-in\" data-aos-delay=\"0\" data-aos-easing=\"ease-in-out\" data-aos-duration=\"750\">Schwitzke Bayegui,<br>votre interlocuteur unique.<br>Un accompagnement sur mesure.<\/h2><div class=\"banner__text\" data-aos=\"fade-in\" data-aos-delay=\"300\" data-aos-easing=\"ease-in-out\" data-aos-duration=\"750\"><p>Gr\u00e2ce \u00e0 un processus op\u00e9rationnel reconnu, nous vous offrons les prestations n\u00e9cessaires \u00e0 la r\u00e9alisation d\u2019espaces marchands. Nous nous positionnons comme interlocuteur unique durant tout le projet, de l\u2019expression des besoins \u00e0 la livraison cl\u00e9s en main. Nous intervenons \u00e9galement sur des projets multi-sites (r\u00e9seaux de points de vente, am\u00e9nagement de magasins et d\u00e9ploiement).<\/p>\n<\/div><\/div>\n            <\/div>\n        <\/div>\n    <\/div>\n\n\n\t<div  class=\"mn-teasers mn-module mn-module--boxed offset-top--none offset-bottom--md\"> \n\t\t<div class=\"module__inner\">\n\t\t    <h2 class=\"teasers__headline\">Nos services<\/h2>\n\t\t\t<div class=\"teasers-wrapper\">\n        <div class=\"teasers__item\" data-aos=\"zoom-out-up\" data-aos-duration=\"750\" data-aos-delay=\"0\">\n            <div class=\"item__media\"><\/div>\n            <div class=\"item__content\"><h3 class=\"content__title\">Etude du projet et chiffrage<\/h3><p class=\"content__subtitle\">Etude pr\u00e9alable<\/p><div class=\"content__description\"><ul><li>Audit de site<\/li><li>Relev\u00e9 Pr\u00e9alable<\/li><li>\u00c9tude plan<\/li><li>Consultation des entreprises<\/li><\/ul><\/div><\/div>\n        <\/div>\n        <div class=\"teasers__item\" data-aos=\"zoom-out-up\" data-aos-duration=\"750\" data-aos-delay=\"300\">\n            <div class=\"item__media\"><\/div>\n            <div class=\"item__content\"><h3 class=\"content__title\">Planification et coordination<\/h3><p class=\"content__subtitle\">Planification, organisation, et suivi de chaque \u00e9tape<\/p><div class=\"content__description\"><ul><li>Plannification d\u00e9taill\u00e9e<\/li><li>R\u00e9daction du DGPF (descriptif g\u00e9n\u00e9ral pr\u00e9visionnel et financier)<\/li><li>Supervision des \u00e9quipes chantier<\/li><li>Contr\u00f4le permanent des travaux<\/li><li>Respect de l\u2019ensemble des sp\u00e9cifications techniques, budget et d\u00e9lais pr\u00e9vus initialement<\/li><\/ul><\/div><\/div>\n        <\/div>\n        <div class=\"teasers__item\" data-aos=\"zoom-out-up\" data-aos-duration=\"750\" data-aos-delay=\"600\">\n            <div class=\"item__media\"><\/div>\n            <div class=\"item__content\"><h3 class=\"content__title\">R\u00e9alisation des travaux<\/h3><p class=\"content__subtitle\">Chantier\/Construction<\/p><div class=\"content__description\"><ul><li>Ordonnancement<\/li><li>Pilotage<\/li><li>Coordination des travaux<\/li><\/ul><\/div><\/div>\n        <\/div>\n        <div class=\"teasers__item\" data-aos=\"zoom-out-up\" data-aos-duration=\"750\" data-aos-delay=\"900\">\n            <div class=\"item__media\"><\/div>\n            <div class=\"item__content\"><h3 class=\"content__title\">R\u00e9ception et livraison<\/h3><p class=\"content__subtitle\">Livraison cl\u00e9 en main<\/p><div class=\"content__description\"><ul><li>R\u00e9ception des travaux<\/li><li>Lev\u00e9e des r\u00e9serves<\/li><li>Garantie<\/li><\/ul><\/div><\/div>\n        <\/div><\/div>\n        <\/div>\n\t<\/div>\n\n\n\t<div  class=\"mn-statement mn-module mn-module--fullwidth offset-top--none offset-bottom--sm\"> \n\t\t<div class=\"module__inner\">\n            <div class=\"module-content--boxed\">\n                <div class=\"statement\">\n                    <div class=\"statement__content\"><h2 class=\"content__title\">\u00c0 propos de nous<\/h2><div class=\"content__subtitle\"><p>Un accompagnement sur mesure<\/p>\n<\/div><div class=\"content__text\"><p>Schwitzke Bayegui vous accompagne dans la cr\u00e9ation, le d\u00e9ploiement ou la r\u00e9novation de vos sites commerciaux et tertiaires. Opter pour nos services vous garantit un engagement contractuel en termes de prix, de d\u00e9lais et de la qualit\u00e9 des travaux.<\/p>\n<\/div><\/div>\n                    <div class=\"statement__media\"><div class=\"mn-responsive-media\" data-desktop-type=\"none\" data-tablet-type=\"none\" data-mobile-type=\"none\" data-desktop-x=\"0\" data-desktop-y=\"0\" data-desktop-tx=\"0\" data-desktop-ty=\"0\" data-desktop-object-fit=\"contain\" data-tablet-x=\"0\" data-tablet-y=\"0\" data-tablet-tx=\"0\" data-tablet-ty=\"0\" data-tablet-object-fit=\"contain\" data-mobile-x=\"0\" data-mobile-y=\"0\" data-mobile-tx=\"0\" data-mobile-ty=\"0\" data-mobile-object-fit=\"contain\" style=\"--x-desktop:0%;\n--y-desktop:0%;\n--tx-desktop:0%;\n--ty-desktop:0%;\n--object-fit-desktop:contain;\n--x-tablet:0%;\n--y-tablet:0%;\n--tx-tablet:0%;\n--ty-tablet:0%;\n--object-fit-tablet:contain;\n--x-mobile:0%;\n--y-mobile:0%;\n--tx-mobile:0%;\n--ty-mobile:0%;\n--object-fit-mobile:contain;\"><\/div><\/div>\n                <\/div>\n            <\/div>\n        <\/div>\n\t<\/div>\n\n<div  class=\"mn-reference-slider mn-module mn-module--boxed-small offset-top--none offset-bottom--sm\" data-mn-ref-slider=\"mn-ref-slider-4767d94d-d31c-4388-aa41-f2e54b078ab5\">\n        <div class=\"module__inner\">\n            <div class=\"references\">\n                <div class=\"swiper mn-reference-swiper\" id=\"mn-ref-slider-4767d94d-d31c-4388-aa41-f2e54b078ab5\">\n                    <div class=\"swiper-wrapper\">\n                        <div class=\"swiper-slide\" data-aos=\"fade-in\" data-aos-delay=\"0\" data-aos-easing=\"ease-in-out\" data-aos-duration=\"750\">\n                <a class=\"reference-teaser\" href=\"https:\/\/schwitzke.com\/schwitzkebayegui\/references\/dyson-paris-2\/\">\n                    <div class=\"reference__image\">\n                <img decoding=\"async\" src=\"https:\/\/schwitzke.com\/schwitzkebayegui\/wp-content\/uploads\/sites\/6\/2026\/03\/LeMarais-4-scaled.jpg\" alt=\"Kenzo Paris\" loading=\"lazy\">\n            <\/div>\n                    <h3 class=\"reference__title\">Kenzo Paris<\/h3>\n                    <div class=\"reference__description\"><p>Dans le quartier parisien branch\u00e9 du Marais, nous avons d\u00e9velopp\u00e9 un concept de pop-up store audacieux et puissant pour la marque de mode KENZO.<\/p>\n<\/div>\n                <\/a>\n            <\/div><div class=\"swiper-slide\" data-aos=\"fade-in\" data-aos-delay=\"80\" data-aos-easing=\"ease-in-out\" data-aos-duration=\"750\">\n                <a class=\"reference-teaser\" href=\"https:\/\/schwitzke.com\/schwitzkebayegui\/references\/dyson-paris\/\">\n                    <div class=\"reference__image\">\n                <img decoding=\"async\" src=\"https:\/\/schwitzke-bayegui.awesome-solutions.de\/wp-content\/uploads\/2026\/02\/Dyson_0004.jpg\" alt=\"Dyson Paris\" loading=\"lazy\">\n            <\/div>\n                    <h3 class=\"reference__title\">Dyson Paris<\/h3>\n                    <div class=\"reference__description\"><p>Nous avons ouvert le premier Dyson Demo Store en France, un espace immersif o\u00f9 le design minimaliste de James Dyson rencontre une exp\u00e9rience retail innovante et dynamique.<\/p>\n<\/div>\n                <\/a>\n            <\/div><div class=\"swiper-slide\" data-aos=\"fade-in\" data-aos-delay=\"160\" data-aos-easing=\"ease-in-out\" data-aos-duration=\"750\">\n                <a class=\"reference-teaser\" href=\"https:\/\/schwitzke.com\/schwitzkebayegui\/references\/pitaya-lille-2\/\">\n                    <div class=\"reference__image\">\n                <img decoding=\"async\" src=\"https:\/\/schwitzke-bayegui.awesome-solutions.de\/wp-content\/uploads\/2026\/02\/05_Lancome_Flagship-Store_Champs-Elysees_Paris_Schwitzke-France_DSC_6759.jpg\" alt=\"Lanc\u00f4me Paris\" loading=\"lazy\">\n            <\/div>\n                    <h3 class=\"reference__title\">Lanc\u00f4me Paris<\/h3>\n                    <div class=\"reference__description\"><p>Pour le magasin phare de la marque fran\u00e7aise de produits de beaut\u00e9, nous avons con\u00e7u un concept commercial unique et transpos\u00e9 les standards de la marque dans l&rsquo;espace.<\/p>\n<\/div>\n                <\/a>\n            <\/div><div class=\"swiper-slide\" data-aos=\"fade-in\" data-aos-delay=\"240\" data-aos-easing=\"ease-in-out\" data-aos-duration=\"750\">\n                <a class=\"reference-teaser\" href=\"https:\/\/schwitzke.com\/schwitzkebayegui\/references\/pitaya-lille\/\">\n                    <div class=\"reference__image\">\n                <img decoding=\"async\" src=\"https:\/\/schwitzke-bayegui.awesome-solutions.de\/wp-content\/uploads\/2026\/02\/Pitaya_teaser.webp\" alt=\"Pitaya &#8211; Lille\" loading=\"lazy\">\n            <\/div>\n                    <h3 class=\"reference__title\">Pitaya &#8211; Lille<\/h3>\n                    <div class=\"reference__description\"><p>En plein c\u0153ur de Lille, au 66 rue de B\u00e9thune, \u00e0 quelques minutes de la gare Lille Flandre, nous avons accompagn\u00e9 l\u2019ouverture du restaurant Pitaya, r\u00e9f\u00e9rence de la street food tha\u00ef moderne.<\/p>\n<\/div>\n                <\/a>\n            <\/div><div class=\"swiper-slide\" data-aos=\"fade-in\" data-aos-delay=\"320\" data-aos-easing=\"ease-in-out\" data-aos-duration=\"750\">\n                <a class=\"reference-teaser\" href=\"https:\/\/schwitzke.com\/schwitzkebayegui\/references\/scotch-soda\/\">\n                    <div class=\"reference__image\">\n                <img decoding=\"async\" src=\"https:\/\/schwitzke-bayegui.awesome-solutions.de\/wp-content\/uploads\/2026\/02\/ScotchSoda-scaled.jpg\" alt=\"Scotch &amp; Soda\" loading=\"lazy\">\n            <\/div>\n                    <h3 class=\"reference__title\">Scotch &amp; Soda<\/h3>\n                    <div class=\"reference__description\"><p>R\u00e9habilitation totale du point de vente, Scotch &amp; Soda \u00e0 Lille,<br \/>\nau c\u0153ur du centre historique et commer\u00e7ant de la ville. D\u00e9ploy\u00e9e sur deux niveaux, dans le respect de l\u2019identit\u00e9 cr\u00e9ative et lifestyle de la marque.<\/p>\n<\/div>\n                <\/a>\n            <\/div><div class=\"swiper-slide\" data-aos=\"fade-in\" data-aos-delay=\"400\" data-aos-easing=\"ease-in-out\" data-aos-duration=\"750\">\n                <a class=\"reference-teaser\" href=\"https:\/\/schwitzke.com\/schwitzkebayegui\/references\/lace-hotel\/\">\n                    <div class=\"reference__image\">\n                <img decoding=\"async\" src=\"https:\/\/schwitzke-bayegui.awesome-solutions.de\/wp-content\/uploads\/2026\/02\/IMG_7832-copie-scaled.jpg\" alt=\"L\u2019Ace H\u00f4tel\" loading=\"lazy\">\n            <\/div>\n                    <h3 class=\"reference__title\">L\u2019Ace H\u00f4tel<\/h3>\n                    <div class=\"reference__description\"><p>R\u00e9alisation des travaux d\u2019am\u00e9nagement int\u00e9rieur de Ace H\u00f4tel de Saint-Contest. Des espaces repens\u00e9s selon une approche globale, alliant modernit\u00e9, convivialit\u00e9 et fonctionnalit\u00e9.<\/p>\n<\/div>\n                <\/a>\n            <\/div><div class=\"swiper-slide\" data-aos=\"fade-in\" data-aos-delay=\"480\" data-aos-easing=\"ease-in-out\" data-aos-duration=\"750\">\n                <a class=\"reference-teaser\" href=\"https:\/\/schwitzke.com\/schwitzkebayegui\/references\/howdens-siege-social\/\">\n                    <div class=\"reference__image\">\n                <img decoding=\"async\" src=\"https:\/\/schwitzke-bayegui.awesome-solutions.de\/wp-content\/uploads\/2026\/02\/Howdens-rotated.jpg\" alt=\"Howdens &#8211; Si\u00e8ge social\" loading=\"lazy\">\n            <\/div>\n                    <h3 class=\"reference__title\">Howdens &#8211; Si\u00e8ge social<\/h3>\n                    <div class=\"reference__description\"><p>Conception des espaces r\u00e9sidentiels et professionnels du si\u00e8ge de Howdens, qui se trouve dans le quartier commercial de Tremblay-en-France, entre Paris et l\u2019a\u00e9roport Charles-de-Gaulle.<\/p>\n<\/div>\n                <\/a>\n            <\/div><div class=\"swiper-slide\" data-aos=\"fade-in\" data-aos-delay=\"480\" data-aos-easing=\"ease-in-out\" data-aos-duration=\"750\">\n                <a class=\"reference-teaser\" href=\"https:\/\/schwitzke.com\/schwitzkebayegui\/references\/sohoma-apparthotel\/\">\n                    <div class=\"reference__image\">\n                <img decoding=\"async\" src=\"https:\/\/schwitzke-bayegui.awesome-solutions.de\/wp-content\/uploads\/2026\/02\/DSC09021-1.webp\" alt=\"Sohoma Appart\u2019H\u00f4tel\" loading=\"lazy\">\n            <\/div>\n                    <h3 class=\"reference__title\">Sohoma Appart\u2019H\u00f4tel<\/h3>\n                    <div class=\"reference__description\"><p>\u00c0 Euralille, entre deux gares, Sohoma s\u2019inscrit au c\u0153ur du mouvement. Un lieu pens\u00e9 pour celles et ceux qui restent plus longtemps et attendent plus qu\u2019un simple h\u00e9bergement.<\/p>\n<\/div>\n                <\/a>\n            <\/div>\n                    <\/div>\n                <\/div>\n            <\/div>\n        <\/div>\n    <\/div>\n\n\n\t<div  class=\"mn-contact mn-module mn-module--boxed offset-top--none offset-bottom--md\"> \n\t\t<div class=\"module__inner\">\n            <div class=\"contact\"> \n                <div class=\"contact__details\"> \n                    <h2 class=\"details__title\">Contact<\/h2><div class=\"details__name\">Godefroy Bayegui<\/div><div class=\"details__address\">64-66 rue des Archives<br>75003 Paris<\/div><div class=\"details__phone\"><a href=\"tel:+33 6 13 46 88 69\">M: +33 6 13 46 88 69<\/a><\/div><div class=\"details__email\"><a href=\"mailto:godefroy.bayegui@schwitzkebayegui.com\">godefroy.bayegui@schwitzkebayegui.com<\/a><\/div>\n                <\/div>\n                <div class=\"contact__image\">\n                    <img decoding=\"async\" src=\"https:\/\/schwitzke.com\/schwitzkebayegui\/wp-content\/uploads\/sites\/6\/2026\/03\/IMG_9450-Godefroy-Bayegui-3-1-scaled.jpg\" alt=\"\"> \n                <\/div>\n            <\/div>\n        <\/div>\n\t<\/div>","protected":false},"excerpt":{"rendered":"","protected":false},"author":1,"featured_media":0,"parent":0,"menu_order":0,"comment_status":"closed","ping_status":"open","template":"","meta":{"footnotes":""},"class_list":["post-263","page","type-page","status-publish","hentry"],"_links":{"self":[{"href":"https:\/\/schwitzke.com\/schwitzkebayegui\/wp-json\/wp\/v2\/pages\/263","targetHints":{"allow":["GET"]}}],"collection":[{"href":"https:\/\/schwitzke.com\/schwitzkebayegui\/wp-json\/wp\/v2\/pages"}],"about":[{"href":"https:\/\/schwitzke.com\/schwitzkebayegui\/wp-json\/wp\/v2\/types\/page"}],"author":[{"embeddable":true,"href":"https:\/\/schwitzke.com\/schwitzkebayegui\/wp-json\/wp\/v2\/users\/1"}],"replies":[{"embeddable":true,"href":"https:\/\/schwitzke.com\/schwitzkebayegui\/wp-json\/wp\/v2\/comments?post=263"}],"version-history":[{"count":7,"href":"https:\/\/schwitzke.com\/schwitzkebayegui\/wp-json\/wp\/v2\/pages\/263\/revisions"}],"predecessor-version":[{"id":376,"href":"https:\/\/schwitzke.com\/schwitzkebayegui\/wp-json\/wp\/v2\/pages\/263\/revisions\/376"}],"wp:attachment":[{"href":"https:\/\/schwitzke.com\/schwitzkebayegui\/wp-json\/wp\/v2\/media?parent=263"}],"curies":[{"name":"wp","href":"https:\/\/api.w.org\/{rel}","templated":true}]}}